{"id":1648,"date":"2025-05-06T13:28:21","date_gmt":"2025-05-06T13:28:21","guid":{"rendered":"https:\/\/digitalagency.magixtheme.com\/?page_id=1648"},"modified":"2025-10-13T17:41:40","modified_gmt":"2025-10-13T17:41:40","slug":"contacto","status":"publish","type":"page","link":"https:\/\/itgchile.com\/index.php\/contacto\/","title":{"rendered":"Contacto"},"content":{"rendered":"\t\t<div data-elementor-type=\"wp-page\" data-elementor-id=\"1648\" class=\"elementor elementor-1648\">\n\t\t\t\t<div class=\"elementor-element elementor-element-3c59cd2 e-flex e-con-boxed e-con e-parent\" data-id=\"3c59cd2\" data-element_type=\"container\" data-settings=\"{&quot;background_background&quot;:&quot;classic&quot;}\">\n\t\t\t\t\t<div class=\"e-con-inner\">\n\t\t<div class=\"elementor-element elementor-element-fc5d3aa e-con-full e-flex e-con e-child\" data-id=\"fc5d3aa\" data-element_type=\"container\" data-settings=\"{&quot;background_background&quot;:&quot;classic&quot;}\">\n\t\t\t\t<div class=\"elementor-element elementor-element-56f1cdf elementor-widget elementor-widget-int-form\" data-id=\"56f1cdf\" data-element_type=\"widget\" data-widget_type=\"int-form.default\">\n\t\t\t\t<div class=\"elementor-widget-container\">\n\t\t\t\t\t        <div class=\"contact-form-inner\">\r\n            <div class=\"contact-form pos-rel\">\r\n                \n<div class=\"wpcf7 no-js\" id=\"wpcf7-f1659-o1\" lang=\"en-US\" dir=\"ltr\" data-wpcf7-id=\"1659\">\n<div class=\"screen-reader-response\"><p role=\"status\" aria-live=\"polite\" aria-atomic=\"true\"><\/p> <ul><\/ul><\/div>\n<form action=\"\/index.php\/wp-json\/wp\/v2\/pages\/1648#wpcf7-f1659-o1\" method=\"post\" class=\"wpcf7-form init\" aria-label=\"Contact form\" novalidate=\"novalidate\" data-status=\"init\">\n<fieldset class=\"hidden-fields-container\"><input type=\"hidden\" name=\"_wpcf7\" value=\"1659\" \/><input type=\"hidden\" name=\"_wpcf7_version\" value=\"6.1.4\" \/><input type=\"hidden\" name=\"_wpcf7_locale\" value=\"en_US\" \/><input type=\"hidden\" name=\"_wpcf7_unit_tag\" value=\"wpcf7-f1659-o1\" \/><input type=\"hidden\" name=\"_wpcf7_container_post\" value=\"0\" \/><input type=\"hidden\" name=\"_wpcf7_posted_data_hash\" value=\"\" \/>\n<\/fieldset>\n<div class=\"contact-form-inner\">\n    <div class=\"contact-form pos-rel\">\n        <div class=\"row\">\n            <div class=\"col-lg-6\">\n                <div class=\"xb-item--field\">\n                    <label for=\"name\">Nombre<\/label>\n<span class=\"wpcf7-form-control-wrap\" data-name=\"text-name\"><input size=\"40\" maxlength=\"400\" class=\"wpcf7-form-control wpcf7-text wpcf7-validates-as-required\" id=\"name\" aria-required=\"true\" aria-invalid=\"false\" placeholder=\"John Smith\" value=\"\" type=\"text\" name=\"text-name\" \/><\/span>\n                <\/div>\n            <\/div>\n            <div class=\"col-lg-6\">\n                <div class=\"xb-item--field\">\n                    <label for=\"mail\">Email<\/label>\n<span class=\"wpcf7-form-control-wrap\" data-name=\"text-mail\"><input size=\"40\" maxlength=\"400\" class=\"wpcf7-form-control wpcf7-text wpcf7-validates-as-required\" id=\"mail\" aria-required=\"true\" aria-invalid=\"false\" placeholder=\"gomez@example.com\" value=\"\" type=\"text\" name=\"text-mail\" \/><\/span>\n                <\/div>\n            <\/div>\n            <div class=\"col-lg-6\">\n                <div class=\"xb-item--field\">\n                    <label for=\"number\">Tel\u00e9fono<\/label>\n<span class=\"wpcf7-form-control-wrap\" data-name=\"text-number\"><input size=\"40\" maxlength=\"400\" class=\"wpcf7-form-control wpcf7-text wpcf7-validates-as-required\" id=\"number\" aria-required=\"true\" aria-invalid=\"false\" placeholder=\"+56 9 8765 4321\" value=\"\" type=\"text\" name=\"text-number\" \/><\/span>\n                <\/div>\n            <\/div>\n            <div class=\"col-lg-6\">\n                <div class=\"xb-item--field\">\n                    <label for=\"company\">Compa\u00f1\u00eda<\/label>\n<span class=\"wpcf7-form-control-wrap\" data-name=\"text-company\"><input size=\"40\" maxlength=\"400\" class=\"wpcf7-form-control wpcf7-text wpcf7-validates-as-required\" id=\"service\" aria-required=\"true\" aria-invalid=\"false\" placeholder=\"Folks Soluciones\" value=\"\" type=\"text\" name=\"text-company\" \/><\/span>\n                <\/div>\n            <\/div>\n            <div class=\"col-lg-12\">\n                <div class=\"xb-item--field\">\n                    <label for=\"message\">Escribe tu mensaje<\/label>\n<span class=\"wpcf7-form-control-wrap\" data-name=\"textarea-message\"><textarea cols=\"40\" rows=\"10\" maxlength=\"2000\" class=\"wpcf7-form-control wpcf7-textarea wpcf7-validates-as-required\" id=\"message\" aria-required=\"true\" aria-invalid=\"false\" placeholder=\"Estimados, necesito que puedan ayudar...\" name=\"textarea-message\"><\/textarea><\/span>\n                <\/div>\n                <button type=\"submit\" class=\"circle-btn port-btn xb-element-parallax\">\n                    <span class=\"button__bg\"><\/span>Enviar\n                <\/button>    \n            <\/div>\n        <\/div>\n    <\/div>\n<\/div><div class=\"wpcf7-response-output\" aria-hidden=\"true\"><\/div>\n<\/form>\n<\/div>\n            <\/div>\r\n        <\/div>\r\n        \t\t\t\t<\/div>\n\t\t\t\t<\/div>\n\t\t\t\t<\/div>\n\t\t\t\t\t<\/div>\n\t\t\t\t<\/div>\n\t\t<div class=\"elementor-element elementor-element-26f61a0 e-con-full e-flex e-con e-parent\" data-id=\"26f61a0\" data-element_type=\"container\">\n\t\t\t\t<div class=\"elementor-element elementor-element-486a6c0 elementor-absolute elementor-widget elementor-widget-google_maps\" data-id=\"486a6c0\" data-element_type=\"widget\" data-settings=\"{&quot;_position&quot;:&quot;absolute&quot;}\" data-widget_type=\"google_maps.default\">\n\t\t\t\t\t\t\t<div class=\"elementor-custom-embed\">\n\t\t\t<iframe loading=\"lazy\"\n\t\t\t\t\tsrc=\"https:\/\/maps.google.com\/maps?q=ITG%20Chile%20S.%20A.%20-%20Of%205%20-%20Parque%20Industrial%20Los%20Volcanes%2C%20Camino%20La%20Laja%2C%20Sector%2C%20Puerto%20Varas%2C%20Los%20Lagos&#038;t=m&#038;z=14&#038;output=embed&#038;iwloc=near\"\n\t\t\t\t\ttitle=\"ITG Chile S. A. - Of 5 - Parque Industrial Los Volcanes, Camino La Laja, Sector, Puerto Varas, Los Lagos\"\n\t\t\t\t\taria-label=\"ITG Chile S. A. - Of 5 - Parque Industrial Los Volcanes, Camino La Laja, Sector, Puerto Varas, Los Lagos\"\n\t\t\t><\/iframe>\n\t\t<\/div>\n\t\t\t\t\t\t<\/div>\n\t\t\t\t<\/div>\n\t\t\t\t<\/div>\n\t\t","protected":false},"excerpt":{"rendered":"<p>Nombre Email Tel\u00e9fono Compa\u00f1\u00eda Escribe tu mensaje Enviar<\/p>\n","protected":false},"author":1,"featured_media":0,"parent":0,"menu_order":0,"comment_status":"closed","ping_status":"closed","template":"magix-template.php","meta":{"inline_featured_image":false,"footnotes":""},"class_list":["post-1648","page","type-page","status-publish","hentry"],"_links":{"self":[{"href":"https:\/\/itgchile.com\/index.php\/wp-json\/wp\/v2\/pages\/1648","targetHints":{"allow":["GET"]}}],"collection":[{"href":"https:\/\/itgchile.com\/index.php\/wp-json\/wp\/v2\/pages"}],"about":[{"href":"https:\/\/itgchile.com\/index.php\/wp-json\/wp\/v2\/types\/page"}],"author":[{"embeddable":true,"href":"https:\/\/itgchile.com\/index.php\/wp-json\/wp\/v2\/users\/1"}],"replies":[{"embeddable":true,"href":"https:\/\/itgchile.com\/index.php\/wp-json\/wp\/v2\/comments?post=1648"}],"version-history":[{"count":38,"href":"https:\/\/itgchile.com\/index.php\/wp-json\/wp\/v2\/pages\/1648\/revisions"}],"predecessor-version":[{"id":3194,"href":"https:\/\/itgchile.com\/index.php\/wp-json\/wp\/v2\/pages\/1648\/revisions\/3194"}],"wp:attachment":[{"href":"https:\/\/itgchile.com\/index.php\/wp-json\/wp\/v2\/media?parent=1648"}],"curies":[{"name":"wp","href":"https:\/\/api.w.org\/{rel}","templated":true}]}}