{"id":2609,"date":"2025-04-30T16:23:35","date_gmt":"2025-04-30T16:23:35","guid":{"rendered":"https:\/\/digitalagency.magixtheme.com\/?page_id=226"},"modified":"2025-12-08T15:45:34","modified_gmt":"2025-12-08T15:45:34","slug":"equipo","status":"publish","type":"page","link":"https:\/\/itgchile.com\/index.php\/equipo\/","title":{"rendered":"Equipo"},"content":{"rendered":"\t\t<div data-elementor-type=\"wp-page\" data-elementor-id=\"2609\" class=\"elementor elementor-2609\">\n\t\t\t\t\t\t<section class=\"elementor-section elementor-top-section elementor-element elementor-element-6aef927 elementor-section-height-full elementor-section-boxed elementor-section-height-default elementor-section-items-middle elementor-invisible\" data-id=\"6aef927\" data-element_type=\"section\" data-settings=\"{&quot;background_background&quot;:&quot;classic&quot;,&quot;animation&quot;:&quot;fadeIn&quot;}\">\n\t\t\t\t\t\t\t<div class=\"elementor-background-overlay\"><\/div>\n\t\t\t\t\t\t\t<div class=\"elementor-container elementor-column-gap-default\">\n\t\t\t\t\t<div class=\"elementor-column elementor-col-100 elementor-top-column elementor-element elementor-element-c1c735f\" data-id=\"c1c735f\" data-element_type=\"column\">\n\t\t\t<div class=\"elementor-widget-wrap elementor-element-populated\">\n\t\t\t\t\t\t<div class=\"elementor-element elementor-element-37155bd elementor-invisible elementor-widget elementor-widget-int-sec-title\" data-id=\"37155bd\" data-element_type=\"widget\" data-settings=\"{&quot;_animation&quot;:&quot;fadeInUp&quot;}\" data-widget_type=\"int-sec-title.default\">\n\t\t\t\t<div class=\"elementor-widget-container\">\n\t\t\t\t\t                <div class=\"section-title\">\r\n                            <h2 class=\"title xb-split-text split-in-right\">equipo<\/h2>\r\n                    <\/div>\r\n    \t\t\t\t<\/div>\n\t\t\t\t<\/div>\n\t\t\t\t\t<\/div>\n\t\t<\/div>\n\t\t\t\t\t<\/div>\n\t\t<\/section>\n\t\t<div class=\"elementor-element elementor-element-0e2b669 e-flex e-con-boxed e-con e-parent\" data-id=\"0e2b669\" data-element_type=\"container\" data-settings=\"{&quot;background_background&quot;:&quot;gradient&quot;,&quot;animation&quot;:&quot;none&quot;}\">\n\t\t\t\t\t<div class=\"e-con-inner\">\n\t\t\t\t<div class=\"elementor-element elementor-element-3fff654 elementor-widget__width-initial elementor-invisible elementor-widget elementor-widget-int-team-v2\" data-id=\"3fff654\" data-element_type=\"widget\" data-settings=\"{&quot;_animation&quot;:&quot;fadeIn&quot;}\" data-widget_type=\"int-team-v2.default\">\n\t\t\t\t<div class=\"elementor-widget-container\">\n\t\t\t\t\t<div class=\"team-inner-wrap\"><div class=\"row g-140 mt-none-65\">                        <div class=\"col-lg-4 col-md-6 mt-65\">\n                            <div class=\"xb-team pos-rel\">\n                                <div class=\"xb-item--img\">\n                                    <img decoding=\"async\" src=\"https:\/\/itgchile.com\/wp-content\/uploads\/2025\/10\/Claudio-Chanceaulme.png\" alt=\"\">\n                                <\/div>\n                                <div class=\"xb-item--holder text-center\">\n                                    <h3 class=\"xb-item--title\">\n  <a href=\"https:\/\/itgchile.com\/index.php\/team\/claudio-chanceaulme\/\">\n    Claudio Chanceaulme  <\/a>\n<\/h3>\n\n                                    <p class=\"xb-item--desig\">Gerente General<\/p>\n                                    <ul class=\"xb-item--icon ul_li_center\">\n                                                                            <\/ul>\n                                <\/div>\n                            <\/div>\n                        <\/div>\n                                                <div class=\"col-lg-4 col-md-6 mt-65\">\n                            <div class=\"xb-team pos-rel\">\n                                <div class=\"xb-item--img\">\n                                    <img decoding=\"async\" src=\"https:\/\/itgchile.com\/wp-content\/uploads\/2025\/10\/Christian-Stange-PLANCHADO.png\" alt=\"\">\n                                <\/div>\n                                <div class=\"xb-item--holder text-center\">\n                                    <h3 class=\"xb-item--title\">\n  <a href=\"https:\/\/itgchile.com\/index.php\/team\/christian-stange\/\">\n    Christian Stange  <\/a>\n<\/h3>\n\n                                    <p class=\"xb-item--desig\">Director Comercial<\/p>\n                                    <ul class=\"xb-item--icon ul_li_center\">\n                                                                            <\/ul>\n                                <\/div>\n                            <\/div>\n                        <\/div>\n                                                <div class=\"col-lg-4 col-md-6 mt-65\">\n                            <div class=\"xb-team pos-rel\">\n                                <div class=\"xb-item--img\">\n                                    <img decoding=\"async\" src=\"https:\/\/itgchile.com\/wp-content\/uploads\/2025\/10\/A\u0301lvaro-Garci\u0301a-zoom-2.png\" alt=\"\">\n                                <\/div>\n                                <div class=\"xb-item--holder text-center\">\n                                    <h3 class=\"xb-item--title\">\n  <a href=\"https:\/\/itgchile.com\/index.php\/team\/alvaro-garcia\/\">\n    \u00c1lvaro Garc\u00eda  <\/a>\n<\/h3>\n\n                                    <p class=\"xb-item--desig\">Gerente Comercial<\/p>\n                                    <ul class=\"xb-item--icon ul_li_center\">\n                                                                            <\/ul>\n                                <\/div>\n                            <\/div>\n                        <\/div>\n                                                <div class=\"col-lg-4 col-md-6 mt-65\">\n                            <div class=\"xb-team pos-rel\">\n                                <div class=\"xb-item--img\">\n                                    <img decoding=\"async\" src=\"https:\/\/itgchile.com\/wp-content\/uploads\/2025\/10\/Cristian-Za\u0301rate-Zoom.png\" alt=\"\">\n                                <\/div>\n                                <div class=\"xb-item--holder text-center\">\n                                    <h3 class=\"xb-item--title\">\n  <a href=\"https:\/\/itgchile.com\/index.php\/team\/cristian-zarate\/\">\n    Cristian Z\u00e1rate  <\/a>\n<\/h3>\n\n                                    <p class=\"xb-item--desig\">Gerente Operaciones<\/p>\n                                    <ul class=\"xb-item--icon ul_li_center\">\n                                                                            <\/ul>\n                                <\/div>\n                            <\/div>\n                        <\/div>\n                                                <div class=\"col-lg-4 col-md-6 mt-65\">\n                            <div class=\"xb-team pos-rel\">\n                                <div class=\"xb-item--img\">\n                                    <img decoding=\"async\" src=\"https:\/\/itgchile.com\/wp-content\/uploads\/2025\/10\/Lucas-Correa-Zoom.png\" alt=\"\">\n                                <\/div>\n                                <div class=\"xb-item--holder text-center\">\n                                    <h3 class=\"xb-item--title\">\n  <a href=\"https:\/\/itgchile.com\/index.php\/team\/lucas-correa-2\/\">\n    Lucas Correa  <\/a>\n<\/h3>\n\n                                    <p class=\"xb-item--desig\">Product Manager<\/p>\n                                    <ul class=\"xb-item--icon ul_li_center\">\n                                                                            <\/ul>\n                                <\/div>\n                            <\/div>\n                        <\/div>\n                                                <div class=\"col-lg-4 col-md-6 mt-65\">\n                            <div class=\"xb-team pos-rel\">\n                                <div class=\"xb-item--img\">\n                                    <img decoding=\"async\" src=\"https:\/\/itgchile.com\/wp-content\/uploads\/2025\/10\/Joselyn-Herna\u0301ndez-Zoom.png\" alt=\"\">\n                                <\/div>\n                                <div class=\"xb-item--holder text-center\">\n                                    <h3 class=\"xb-item--title\">\n  <a href=\"https:\/\/itgchile.com\/index.php\/team\/joselyn-hernandez-2\/\">\n    Joselyn Hern\u00e1ndez  <\/a>\n<\/h3>\n\n                                    <p class=\"xb-item--desig\">Jefa de Administraci\u00f3n y Finanzas<\/p>\n                                    <ul class=\"xb-item--icon ul_li_center\">\n                                                                            <\/ul>\n                                <\/div>\n                            <\/div>\n                        <\/div>\n                                                <div class=\"col-lg-4 col-md-6 mt-65\">\n                            <div class=\"xb-team pos-rel\">\n                                <div class=\"xb-item--img\">\n                                    <img decoding=\"async\" src=\"https:\/\/itgchile.com\/wp-content\/uploads\/2025\/10\/Manuel-Escalona-Zoom.png\" alt=\"\">\n                                <\/div>\n                                <div class=\"xb-item--holder text-center\">\n                                    <h3 class=\"xb-item--title\">\n  <a href=\"https:\/\/itgchile.com\/index.php\/team\/manuel-escalona\/\">\n    Manuel Escalona  <\/a>\n<\/h3>\n\n                                    <p class=\"xb-item--desig\">Jefe Ingenier\u00eda y Desarrollo<\/p>\n                                    <ul class=\"xb-item--icon ul_li_center\">\n                                                                            <\/ul>\n                                <\/div>\n                            <\/div>\n                        <\/div>\n                                                <div class=\"col-lg-4 col-md-6 mt-65\">\n                            <div class=\"xb-team pos-rel\">\n                                <div class=\"xb-item--img\">\n                                    <img decoding=\"async\" src=\"https:\/\/itgchile.com\/wp-content\/uploads\/2025\/10\/12.png\" alt=\"\">\n                                <\/div>\n                                <div class=\"xb-item--holder text-center\">\n                                    <h3 class=\"xb-item--title\">\n  <a href=\"https:\/\/itgchile.com\/index.php\/team\/billy-pillancari\/\">\n    Billy Pillancari  <\/a>\n<\/h3>\n\n                                    <p class=\"xb-item--desig\">Jefe de Servicio y Post Venta<\/p>\n                                    <ul class=\"xb-item--icon ul_li_center\">\n                                                                            <\/ul>\n                                <\/div>\n                            <\/div>\n                        <\/div>\n                                                <div class=\"col-lg-4 col-md-6 mt-65\">\n                            <div class=\"xb-team pos-rel\">\n                                <div class=\"xb-item--img\">\n                                    <img decoding=\"async\" src=\"https:\/\/itgchile.com\/wp-content\/uploads\/2025\/10\/Sean-Chanceaulme-zoom.png\" alt=\"\">\n                                <\/div>\n                                <div class=\"xb-item--holder text-center\">\n                                    <h3 class=\"xb-item--title\">\n  <a href=\"https:\/\/itgchile.com\/index.php\/team\/sean-chanceaulme\/\">\n    Sean Chanceaulme  <\/a>\n<\/h3>\n\n                                    <p class=\"xb-item--desig\">Jefe de Fabricaci\u00f3n<\/p>\n                                    <ul class=\"xb-item--icon ul_li_center\">\n                                                                            <\/ul>\n                                <\/div>\n                            <\/div>\n                        <\/div>\n                                                <div class=\"col-lg-4 col-md-6 mt-65\">\n                            <div class=\"xb-team pos-rel\">\n                                <div class=\"xb-item--img\">\n                                    <img decoding=\"async\" src=\"https:\/\/itgchile.com\/wp-content\/uploads\/2025\/10\/10.png\" alt=\"\">\n                                <\/div>\n                                <div class=\"xb-item--holder text-center\">\n                                    <h3 class=\"xb-item--title\">\n  <a href=\"https:\/\/itgchile.com\/index.php\/team\/omar-reyes\/\">\n    Omar Reyes  <\/a>\n<\/h3>\n\n                                    <p class=\"xb-item--desig\">Jefe de Instalaciones X regi\u00f3n<\/p>\n                                    <ul class=\"xb-item--icon ul_li_center\">\n                                                                            <\/ul>\n                                <\/div>\n                            <\/div>\n                        <\/div>\n                                                <div class=\"col-lg-4 col-md-6 mt-65\">\n                            <div class=\"xb-team pos-rel\">\n                                <div class=\"xb-item--img\">\n                                    <img decoding=\"async\" src=\"https:\/\/itgchile.com\/wp-content\/uploads\/2025\/10\/Roberto-Machado.png\" alt=\"\">\n                                <\/div>\n                                <div class=\"xb-item--holder text-center\">\n                                    <h3 class=\"xb-item--title\">\n  <a href=\"https:\/\/itgchile.com\/index.php\/team\/roberto-machado\/\">\n    Roberto Machado  <\/a>\n<\/h3>\n\n                                    <p class=\"xb-item--desig\">Jefe de Proyectos Monitoreo<\/p>\n                                    <ul class=\"xb-item--icon ul_li_center\">\n                                                                            <\/ul>\n                                <\/div>\n                            <\/div>\n                        <\/div>\n                                                <div class=\"col-lg-4 col-md-6 mt-65\">\n                            <div class=\"xb-team pos-rel\">\n                                <div class=\"xb-item--img\">\n                                    <img decoding=\"async\" src=\"https:\/\/itgchile.com\/wp-content\/uploads\/2025\/12\/FONDO-FOTO-PERSONAS.png\" alt=\"\">\n                                <\/div>\n                                <div class=\"xb-item--holder text-center\">\n                                    <h3 class=\"xb-item--title\">\n  <a href=\"https:\/\/itgchile.com\/index.php\/team\/henger-abreu\/\">\n    Henger Abreu\u00a0  <\/a>\n<\/h3>\n\n                                    <p class=\"xb-item--desig\">Jefe Zonal XII Regi\u00f3n<\/p>\n                                    <ul class=\"xb-item--icon ul_li_center\">\n                                                                            <\/ul>\n                                <\/div>\n                            <\/div>\n                        <\/div>\n                        <\/div><\/div>\t\t\t\t<\/div>\n\t\t\t\t<\/div>\n\t\t\t\t\t<\/div>\n\t\t\t\t<\/div>\n\t\t\t\t<section class=\"elementor-section elementor-top-section elementor-element elementor-element-523b0fe elementor-section-full_width elementor-section-height-default elementor-section-height-default\" data-id=\"523b0fe\" data-element_type=\"section\" data-settings=\"{&quot;background_background&quot;:&quot;classic&quot;}\">\n\t\t\t\t\t\t\t<div class=\"elementor-background-overlay\"><\/div>\n\t\t\t\t\t\t\t<div class=\"elementor-container elementor-column-gap-no\">\n\t\t\t\t\t<div class=\"elementor-column elementor-col-100 elementor-top-column elementor-element elementor-element-c90fd83\" data-id=\"c90fd83\" data-element_type=\"column\">\n\t\t\t<div class=\"elementor-widget-wrap elementor-element-populated\">\n\t\t\t\t<div class=\"elementor-element elementor-element-57e3b5c e-grid e-con-boxed e-con e-parent\" data-id=\"57e3b5c\" data-element_type=\"container\">\n\t\t\t\t\t<div class=\"e-con-inner\">\n\t\t<div class=\"elementor-element elementor-element-575efc5 e-con-full e-flex elementor-invisible e-con e-child\" data-id=\"575efc5\" data-element_type=\"container\" data-settings=\"{&quot;animation&quot;:&quot;fadeInRight&quot;}\">\n\t\t\t\t<div class=\"elementor-element elementor-element-a0c1540 elementor-widget elementor-widget-heading\" data-id=\"a0c1540\" data-element_type=\"widget\" data-widget_type=\"heading.default\">\n\t\t\t\t\t<h3 class=\"elementor-heading-title elementor-size-default\">Administraci\u00f3n<\/h3>\t\t\t\t<\/div>\n\t\t\t\t<div class=\"elementor-element elementor-element-a832b0b elementor-align-center elementor-icon-list--layout-traditional elementor-list-item-link-full_width elementor-widget elementor-widget-icon-list\" data-id=\"a832b0b\" data-element_type=\"widget\" data-widget_type=\"icon-list.default\">\n\t\t\t\t\t\t\t<ul class=\"elementor-icon-list-items\">\n\t\t\t\t\t\t\t<li class=\"elementor-icon-list-item\">\n\t\t\t\t\t\t\t\t\t\t\t<a href=\"tel:+56988377031\">\n\n\t\t\t\t\t\t\t\t\t\t\t\t<span class=\"elementor-icon-list-icon\">\n\t\t\t\t\t\t\t<svg aria-hidden=\"true\" class=\"e-font-icon-svg e-fas-phone-alt\" viewBox=\"0 0 512 512\" xmlns=\"http:\/\/www.w3.org\/2000\/svg\"><path d=\"M497.39 361.8l-112-48a24 24 0 0 0-28 6.9l-49.6 60.6A370.66 370.66 0 0 1 130.6 204.11l60.6-49.6a23.94 23.94 0 0 0 6.9-28l-48-112A24.16 24.16 0 0 0 122.6.61l-104 24A24 24 0 0 0 0 48c0 256.5 207.9 464 464 464a24 24 0 0 0 23.4-18.6l24-104a24.29 24.29 0 0 0-14.01-27.6z\"><\/path><\/svg>\t\t\t\t\t\t<\/span>\n\t\t\t\t\t\t\t\t\t\t<span class=\"elementor-icon-list-text\"> +56 9 8837 7031<\/span>\n\t\t\t\t\t\t\t\t\t\t\t<\/a>\n\t\t\t\t\t\t\t\t\t<\/li>\n\t\t\t\t\t\t\t\t<li class=\"elementor-icon-list-item\">\n\t\t\t\t\t\t\t\t\t\t\t<a href=\"mailto:operaciones@itgchile.com\">\n\n\t\t\t\t\t\t\t\t\t\t\t\t<span class=\"elementor-icon-list-icon\">\n\t\t\t\t\t\t\t<svg aria-hidden=\"true\" class=\"e-font-icon-svg e-far-envelope\" viewBox=\"0 0 512 512\" xmlns=\"http:\/\/www.w3.org\/2000\/svg\"><path d=\"M464 64H48C21.49 64 0 85.49 0 112v288c0 26.51 21.49 48 48 48h416c26.51 0 48-21.49 48-48V112c0-26.51-21.49-48-48-48zm0 48v40.805c-22.422 18.259-58.168 46.651-134.587 106.49-16.841 13.247-50.201 45.072-73.413 44.701-23.208.375-56.579-31.459-73.413-44.701C106.18 199.465 70.425 171.067 48 152.805V112h416zM48 400V214.398c22.914 18.251 55.409 43.862 104.938 82.646 21.857 17.205 60.134 55.186 103.062 54.955 42.717.231 80.509-37.199 103.053-54.947 49.528-38.783 82.032-64.401 104.947-82.653V400H48z\"><\/path><\/svg>\t\t\t\t\t\t<\/span>\n\t\t\t\t\t\t\t\t\t\t<span class=\"elementor-icon-list-text\">operaciones@itgchile.com<\/span>\n\t\t\t\t\t\t\t\t\t\t\t<\/a>\n\t\t\t\t\t\t\t\t\t<\/li>\n\t\t\t\t\t\t<\/ul>\n\t\t\t\t\t\t<\/div>\n\t\t\t\t<\/div>\n\t\t<div class=\"elementor-element elementor-element-d24b639 e-con-full e-flex elementor-invisible e-con e-child\" data-id=\"d24b639\" data-element_type=\"container\" data-settings=\"{&quot;background_background&quot;:&quot;classic&quot;,&quot;animation&quot;:&quot;fadeInDown&quot;}\">\n\t\t\t\t<\/div>\n\t\t<div class=\"elementor-element elementor-element-3ba664b e-con-full e-flex elementor-invisible e-con e-child\" data-id=\"3ba664b\" data-element_type=\"container\" data-settings=\"{&quot;animation&quot;:&quot;fadeInRight&quot;}\">\n\t\t\t\t<div class=\"elementor-element elementor-element-fb965fa elementor-widget elementor-widget-heading\" data-id=\"fb965fa\" data-element_type=\"widget\" data-widget_type=\"heading.default\">\n\t\t\t\t\t<h3 class=\"elementor-heading-title elementor-size-default\">Comercial<\/h3>\t\t\t\t<\/div>\n\t\t\t\t<div class=\"elementor-element elementor-element-61028f4 elementor-align-center elementor-icon-list--layout-traditional elementor-list-item-link-full_width elementor-widget elementor-widget-icon-list\" data-id=\"61028f4\" data-element_type=\"widget\" data-widget_type=\"icon-list.default\">\n\t\t\t\t\t\t\t<ul class=\"elementor-icon-list-items\">\n\t\t\t\t\t\t\t<li class=\"elementor-icon-list-item\">\n\t\t\t\t\t\t\t\t\t\t\t<a href=\"tel:+56988377031\">\n\n\t\t\t\t\t\t\t\t\t\t\t\t<span class=\"elementor-icon-list-icon\">\n\t\t\t\t\t\t\t<svg aria-hidden=\"true\" class=\"e-font-icon-svg e-fas-phone-alt\" viewBox=\"0 0 512 512\" xmlns=\"http:\/\/www.w3.org\/2000\/svg\"><path d=\"M497.39 361.8l-112-48a24 24 0 0 0-28 6.9l-49.6 60.6A370.66 370.66 0 0 1 130.6 204.11l60.6-49.6a23.94 23.94 0 0 0 6.9-28l-48-112A24.16 24.16 0 0 0 122.6.61l-104 24A24 24 0 0 0 0 48c0 256.5 207.9 464 464 464a24 24 0 0 0 23.4-18.6l24-104a24.29 24.29 0 0 0-14.01-27.6z\"><\/path><\/svg>\t\t\t\t\t\t<\/span>\n\t\t\t\t\t\t\t\t\t\t<span class=\"elementor-icon-list-text\">+56 9 8837 031<\/span>\n\t\t\t\t\t\t\t\t\t\t\t<\/a>\n\t\t\t\t\t\t\t\t\t<\/li>\n\t\t\t\t\t\t\t\t<li class=\"elementor-icon-list-item\">\n\t\t\t\t\t\t\t\t\t\t\t<a href=\"mailto:comercial@itgchile.com\">\n\n\t\t\t\t\t\t\t\t\t\t\t\t<span class=\"elementor-icon-list-icon\">\n\t\t\t\t\t\t\t<svg aria-hidden=\"true\" class=\"e-font-icon-svg e-far-envelope\" viewBox=\"0 0 512 512\" xmlns=\"http:\/\/www.w3.org\/2000\/svg\"><path d=\"M464 64H48C21.49 64 0 85.49 0 112v288c0 26.51 21.49 48 48 48h416c26.51 0 48-21.49 48-48V112c0-26.51-21.49-48-48-48zm0 48v40.805c-22.422 18.259-58.168 46.651-134.587 106.49-16.841 13.247-50.201 45.072-73.413 44.701-23.208.375-56.579-31.459-73.413-44.701C106.18 199.465 70.425 171.067 48 152.805V112h416zM48 400V214.398c22.914 18.251 55.409 43.862 104.938 82.646 21.857 17.205 60.134 55.186 103.062 54.955 42.717.231 80.509-37.199 103.053-54.947 49.528-38.783 82.032-64.401 104.947-82.653V400H48z\"><\/path><\/svg>\t\t\t\t\t\t<\/span>\n\t\t\t\t\t\t\t\t\t\t<span class=\"elementor-icon-list-text\">comercial@itgchile.com<\/span>\n\t\t\t\t\t\t\t\t\t\t\t<\/a>\n\t\t\t\t\t\t\t\t\t<\/li>\n\t\t\t\t\t\t<\/ul>\n\t\t\t\t\t\t<\/div>\n\t\t\t\t<\/div>\n\t\t\t\t\t<\/div>\n\t\t\t\t<\/div>\n\t\t\t\t\t<\/div>\n\t\t<\/div>\n\t\t\t\t\t<\/div>\n\t\t<\/section>\n\t\t\t\t<\/div>\n\t\t","protected":false},"excerpt":{"rendered":"<p>equipo Claudio Chanceaulme Gerente General Christian Stange Director Comercial \u00c1lvaro Garc\u00eda Gerente Comercial Cristian Z\u00e1rate Gerente Operaciones Lucas Correa Product Manager Joselyn Hern\u00e1ndez Jefa de Administraci\u00f3n y Finanzas Manuel Escalona Jefe Ingenier\u00eda y Desarrollo Billy Pillancari Jefe de Servicio y Post Venta Sean Chanceaulme Jefe de Fabricaci\u00f3n Omar Reyes Jefe de Instalaciones X regi\u00f3n Roberto [&hellip;]<\/p>\n","protected":false},"author":1,"featured_media":0,"parent":0,"menu_order":0,"comment_status":"closed","ping_status":"closed","template":"magix-template.php","meta":{"inline_featured_image":false,"footnotes":""},"class_list":["post-2609","page","type-page","status-publish","hentry"],"_links":{"self":[{"href":"https:\/\/itgchile.com\/index.php\/wp-json\/wp\/v2\/pages\/2609","targetHints":{"allow":["GET"]}}],"collection":[{"href":"https:\/\/itgchile.com\/index.php\/wp-json\/wp\/v2\/pages"}],"about":[{"href":"https:\/\/itgchile.com\/index.php\/wp-json\/wp\/v2\/types\/page"}],"author":[{"embeddable":true,"href":"https:\/\/itgchile.com\/index.php\/wp-json\/wp\/v2\/users\/1"}],"replies":[{"embeddable":true,"href":"https:\/\/itgchile.com\/index.php\/wp-json\/wp\/v2\/comments?post=2609"}],"version-history":[{"count":189,"href":"https:\/\/itgchile.com\/index.php\/wp-json\/wp\/v2\/pages\/2609\/revisions"}],"predecessor-version":[{"id":4543,"href":"https:\/\/itgchile.com\/index.php\/wp-json\/wp\/v2\/pages\/2609\/revisions\/4543"}],"wp:attachment":[{"href":"https:\/\/itgchile.com\/index.php\/wp-json\/wp\/v2\/media?parent=2609"}],"curies":[{"name":"wp","href":"https:\/\/api.w.org\/{rel}","templated":true}]}}