{"id":3282,"date":"2025-10-16T07:33:20","date_gmt":"2025-10-16T07:33:20","guid":{"rendered":"https:\/\/itgchile.com\/prueba1\/?page_id=3282"},"modified":"2025-12-09T20:01:50","modified_gmt":"2025-12-09T20:01:50","slug":"bienestar-animal","status":"publish","type":"page","link":"https:\/\/itgchile.com\/index.php\/bienestar-animal\/","title":{"rendered":"Bienestar Animal"},"content":{"rendered":"\t\t<div data-elementor-type=\"wp-page\" data-elementor-id=\"3282\" class=\"elementor elementor-3282\">\n\t\t\t\t\t\t<section class=\"elementor-section elementor-top-section elementor-element elementor-element-10b790ad elementor-section-full_width elementor-section-height-default elementor-section-height-default\" data-id=\"10b790ad\" data-element_type=\"section\" data-settings=\"{&quot;background_background&quot;:&quot;video&quot;,&quot;background_video_link&quot;:&quot;https:\\\/\\\/itgchile.com\\\/wp-content\\\/uploads\\\/2025\\\/10\\\/02.-Bienestar-Animal.mov&quot;,&quot;background_play_on_mobile&quot;:&quot;yes&quot;}\">\n\t\t\t\t\t\t\t\t<div class=\"elementor-background-video-container\" aria-hidden=\"true\">\n\t\t\t\t\t\t\t\t\t\t\t\t\t<video class=\"elementor-background-video-hosted\" autoplay muted playsinline loop><\/video>\n\t\t\t\t\t\t\t\t\t\t\t<\/div>\n\t\t\t\t\t\t\t\t\t<div class=\"elementor-background-overlay\"><\/div>\n\t\t\t\t\t\t\t<div class=\"elementor-container elementor-column-gap-no\">\n\t\t\t\t\t<div class=\"elementor-column elementor-col-100 elementor-top-column elementor-element elementor-element-9082610\" data-id=\"9082610\" data-element_type=\"column\">\n\t\t\t<div class=\"elementor-widget-wrap elementor-element-populated\">\n\t\t\t\t<div class=\"elementor-element elementor-element-e595177 e-flex e-con-boxed e-con e-parent\" data-id=\"e595177\" data-element_type=\"container\" data-settings=\"{&quot;background_background&quot;:&quot;classic&quot;}\">\n\t\t\t\t\t<div class=\"e-con-inner\">\n\t\t\t\t<div class=\"elementor-element elementor-element-15f39ce animated-slow elementor-invisible elementor-widget elementor-widget-int-sec-title\" data-id=\"15f39ce\" data-element_type=\"widget\" data-settings=\"{&quot;_animation&quot;:&quot;fadeInDown&quot;}\" data-widget_type=\"int-sec-title.default\">\n\t\t\t\t<div class=\"elementor-widget-container\">\n\t\t\t\t\t                <div class=\"section-title\">\r\n                            <h2 class=\"title xb-split-text split-in-right\"><span style=\"color: #ff6600\">Bienestar<\/span> ANIMAL<\/h2>\r\n                    <\/div>\r\n    \t\t\t\t<\/div>\n\t\t\t\t<\/div>\n\t\t\t\t<div class=\"elementor-element elementor-element-54e0914 elementor-invisible elementor-widget elementor-widget-heading\" data-id=\"54e0914\" data-element_type=\"widget\" data-settings=\"{&quot;_animation&quot;:&quot;fadeInUp&quot;}\" data-widget_type=\"heading.default\">\n\t\t\t\t\t<h3 class=\"elementor-heading-title elementor-size-default\">frecemos soluciones para mantener a los peces sanos y con bajo nivel de estr\u00e9s mediante oxigenaci\u00f3n continua, estable y controlada. Esto reduce eventos cr\u00edticos y fortalece la estabilidad operativa, impulsando una salmonicultura m\u00e1s sostenible.\nConoce c\u00f3mo nuestra tecnolog\u00eda de oxigenaci\u00f3n por nanoburbujas aporta en cada etapa.\n<\/h3>\t\t\t\t<\/div>\n\t\t\t\t\t<\/div>\n\t\t\t\t<\/div>\n\t\t\t\t\t<\/div>\n\t\t<\/div>\n\t\t\t\t\t<\/div>\n\t\t<\/section>\n\t\t<div class=\"elementor-element elementor-element-e6bc437 e-con-full e-flex e-con e-parent\" data-id=\"e6bc437\" data-element_type=\"container\" data-settings=\"{&quot;background_background&quot;:&quot;classic&quot;}\">\n\t\t<div class=\"elementor-element elementor-element-2121074 e-con-full e-flex e-con e-child\" data-id=\"2121074\" data-element_type=\"container\" data-settings=\"{&quot;background_background&quot;:&quot;gradient&quot;}\">\n\t\t<div class=\"elementor-element elementor-element-e23c8c4 e-con-full e-flex e-con e-child\" data-id=\"e23c8c4\" data-element_type=\"container\">\n\t\t\t\t<div class=\"elementor-element elementor-element-ad3c2c0 animated-slow elementor-invisible elementor-widget elementor-widget-int-sec-title\" data-id=\"ad3c2c0\" data-element_type=\"widget\" data-settings=\"{&quot;_animation&quot;:&quot;fadeInRight&quot;}\" data-widget_type=\"int-sec-title.default\">\n\t\t\t\t<div class=\"elementor-widget-container\">\n\t\t\t\t\t                <div class=\"section-title\">\r\n                            <h2 class=\"title xb-split-text split-in-right\"><span style=\"color: #FF6A13\">NANOOX<\/span> CAGE<\/h2>\r\n                    <\/div>\r\n    \t\t\t\t<\/div>\n\t\t\t\t<\/div>\n\t\t\t\t<div class=\"elementor-element elementor-element-7a427c0 animated-slow elementor-invisible elementor-widget elementor-widget-text-editor\" data-id=\"7a427c0\" data-element_type=\"widget\" data-settings=\"{&quot;_animation&quot;:&quot;fadeInRight&quot;}\" data-widget_type=\"text-editor.default\">\n\t\t\t\t\t\t\t\t\t<p style=\"font-family: Montserrat; font-size: 16px; line-height: 22px; text-align: justify; text-justify: inter-word; color: #ffffff;\">Nanoox Cage es un sistema de oxigenaci\u00f3n por nanoburbujas para acuicultura que estabiliza el ambiente en la jaula, mejora el bienestar animal y potencia el crecimiento de los peces. Ahorra hasta 80% de ox\u00edgeno frente a sistemas convencionales, aumentando la eficiencia y sostenibilidad del cultivo.<\/p>\n&nbsp;\n<p style=\"font-family: Montserrat; font-size: 16px; line-height: 22px; text-align: justify; text-justify: inter-word; color: #ffffff;\">Disponible en versi\u00f3n est\u00e1ndar e Intelligence, con monitoreo en tiempo real y control autom\u00e1tico.<\/p>\t\t\t\t\t\t\t\t<\/div>\n\t\t\t\t<\/div>\n\t\t\t\t<\/div>\n\t\t<div class=\"elementor-element elementor-element-49abf31 e-con-full e-flex e-con e-child\" data-id=\"49abf31\" data-element_type=\"container\" data-settings=\"{&quot;background_background&quot;:&quot;classic&quot;}\">\n\t\t<div class=\"elementor-element elementor-element-2f76c70 e-con-full e-flex e-con e-child\" data-id=\"2f76c70\" data-element_type=\"container\" data-settings=\"{&quot;background_background&quot;:&quot;classic&quot;}\">\n\t\t\t\t<div class=\"elementor-element elementor-element-6e86d4f elementor-pagination-position-outside elementor-widget elementor-widget-image-carousel\" data-id=\"6e86d4f\" data-element_type=\"widget\" data-settings=\"{&quot;slides_to_show&quot;:&quot;1&quot;,&quot;navigation&quot;:&quot;dots&quot;,&quot;autoplay&quot;:&quot;yes&quot;,&quot;pause_on_hover&quot;:&quot;yes&quot;,&quot;pause_on_interaction&quot;:&quot;yes&quot;,&quot;autoplay_speed&quot;:5000,&quot;infinite&quot;:&quot;yes&quot;,&quot;effect&quot;:&quot;slide&quot;,&quot;speed&quot;:500}\" data-widget_type=\"image-carousel.default\">\n\t\t\t\t\t\t\t<div class=\"elementor-image-carousel-wrapper swiper\" role=\"region\" aria-roledescription=\"carousel\" aria-label=\"NANOO BOLT IMG\" dir=\"ltr\">\n\t\t\t<div class=\"elementor-image-carousel swiper-wrapper\" aria-live=\"off\">\n\t\t\t\t\t\t\t\t<div class=\"swiper-slide\" role=\"group\" aria-roledescription=\"slide\" aria-label=\"1 de 3\"><figure class=\"swiper-slide-inner\"><img decoding=\"async\" class=\"swiper-slide-image\" src=\"https:\/\/itgchile.com\/wp-content\/uploads\/2025\/11\/2.NANOOX-CAGE-DE-VIDEO-4I3A1793.jpg\" alt=\"2.NANOOX CAGE DE VIDEO 4I3A1793\" \/><\/figure><\/div><div class=\"swiper-slide\" role=\"group\" aria-roledescription=\"slide\" aria-label=\"2 de 3\"><figure class=\"swiper-slide-inner\"><img decoding=\"async\" class=\"swiper-slide-image\" src=\"https:\/\/itgchile.com\/wp-content\/uploads\/2025\/12\/TORTUGA-scaled.png\" alt=\"TORTUGA\" \/><\/figure><\/div><div class=\"swiper-slide\" role=\"group\" aria-roledescription=\"slide\" aria-label=\"3 de 3\"><figure class=\"swiper-slide-inner\"><img decoding=\"async\" class=\"swiper-slide-image\" src=\"https:\/\/itgchile.com\/wp-content\/uploads\/2025\/12\/REPORTE-GENERAL-scaled.png\" alt=\"REPORTE GENERAL\" \/><\/figure><\/div>\t\t\t<\/div>\n\t\t\t\t\t\t\t\n\t\t\t\t\t\t\t\t\t<div class=\"swiper-pagination\"><\/div>\n\t\t\t\t\t\t\t\t\t<\/div>\n\t\t\t\t\t\t<\/div>\n\t\t\t\t<div class=\"elementor-element elementor-element-0521964 elementor-invisible elementor-widget elementor-widget-button\" data-id=\"0521964\" data-element_type=\"widget\" data-settings=\"{&quot;_animation&quot;:&quot;fadeInLeft&quot;}\" data-widget_type=\"button.default\">\n\t\t\t\t\t\t\t\t\t\t<a class=\"elementor-button elementor-button-link elementor-size-sm\" href=\"https:\/\/itgchile.com\/index.php\/bienestar-animal\/\">\n\t\t\t\t\t\t<span class=\"elementor-button-content-wrapper\">\n\t\t\t\t\t\t<span class=\"elementor-button-icon\">\n\t\t\t\t<svg aria-hidden=\"true\" class=\"e-font-icon-svg e-fas-long-arrow-alt-right\" viewBox=\"0 0 448 512\" xmlns=\"http:\/\/www.w3.org\/2000\/svg\"><path d=\"M313.941 216H12c-6.627 0-12 5.373-12 12v56c0 6.627 5.373 12 12 12h301.941v46.059c0 21.382 25.851 32.09 40.971 16.971l86.059-86.059c9.373-9.373 9.373-24.569 0-33.941l-86.059-86.059c-15.119-15.119-40.971-4.411-40.971 16.971V216z\"><\/path><\/svg>\t\t\t<\/span>\n\t\t\t\t\t\t\t\t\t<span class=\"elementor-button-text\">Descargar ficha t\u00e9cnica<\/span>\n\t\t\t\t\t<\/span>\n\t\t\t\t\t<\/a>\n\t\t\t\t\t\t\t\t<\/div>\n\t\t\t\t<\/div>\n\t\t\t\t<\/div>\n\t\t\t\t<\/div>\n\t\t<div class=\"elementor-element elementor-element-9e22a8d e-con-full e-flex e-con e-parent\" data-id=\"9e22a8d\" data-element_type=\"container\" data-settings=\"{&quot;background_background&quot;:&quot;classic&quot;}\">\n\t\t<div class=\"elementor-element elementor-element-30ae194 e-con-full e-flex e-con e-child\" data-id=\"30ae194\" data-element_type=\"container\" data-settings=\"{&quot;background_background&quot;:&quot;classic&quot;}\">\n\t\t<div class=\"elementor-element elementor-element-e3a3066 e-con-full e-flex e-con e-child\" data-id=\"e3a3066\" data-element_type=\"container\" data-settings=\"{&quot;background_background&quot;:&quot;classic&quot;}\">\n\t\t\t\t<div class=\"elementor-element elementor-element-1aa8ce9 elementor-widget elementor-widget-image\" data-id=\"1aa8ce9\" data-element_type=\"widget\" data-widget_type=\"image.default\">\n\t\t\t\t\t\t\t\t\t\t\t\t\t\t\t<img fetchpriority=\"high\" decoding=\"async\" width=\"1024\" height=\"682\" src=\"https:\/\/itgchile.com\/wp-content\/uploads\/2025\/11\/generadoers-bangwin-1024x682.jpg\" class=\"attachment-large size-large wp-image-3773\" alt=\"\" srcset=\"https:\/\/itgchile.com\/wp-content\/uploads\/2025\/11\/generadoers-bangwin-1024x682.jpg 1024w, https:\/\/itgchile.com\/wp-content\/uploads\/2025\/11\/generadoers-bangwin-300x200.jpg 300w, https:\/\/itgchile.com\/wp-content\/uploads\/2025\/11\/generadoers-bangwin-768x511.jpg 768w, https:\/\/itgchile.com\/wp-content\/uploads\/2025\/11\/generadoers-bangwin-600x399.jpg 600w, https:\/\/itgchile.com\/wp-content\/uploads\/2025\/11\/generadoers-bangwin.jpg 1044w\" sizes=\"(max-width: 1024px) 100vw, 1024px\" \/>\t\t\t\t\t\t\t\t\t\t\t\t\t\t\t<\/div>\n\t\t\t\t<div class=\"elementor-element elementor-element-1e1e54b elementor-align-left elementor-invisible elementor-widget elementor-widget-button\" data-id=\"1e1e54b\" data-element_type=\"widget\" data-settings=\"{&quot;_animation&quot;:&quot;fadeInLeft&quot;}\" data-widget_type=\"button.default\">\n\t\t\t\t\t\t\t\t\t\t<a class=\"elementor-button elementor-button-link elementor-size-sm\" href=\"https:\/\/itgchile.com\/index.php\/bienestar-animal\/\">\n\t\t\t\t\t\t<span class=\"elementor-button-content-wrapper\">\n\t\t\t\t\t\t<span class=\"elementor-button-icon\">\n\t\t\t\t<svg aria-hidden=\"true\" class=\"e-font-icon-svg e-fas-long-arrow-alt-right\" viewBox=\"0 0 448 512\" xmlns=\"http:\/\/www.w3.org\/2000\/svg\"><path d=\"M313.941 216H12c-6.627 0-12 5.373-12 12v56c0 6.627 5.373 12 12 12h301.941v46.059c0 21.382 25.851 32.09 40.971 16.971l86.059-86.059c9.373-9.373 9.373-24.569 0-33.941l-86.059-86.059c-15.119-15.119-40.971-4.411-40.971 16.971V216z\"><\/path><\/svg>\t\t\t<\/span>\n\t\t\t\t\t\t\t\t\t<span class=\"elementor-button-text\">Descargar ficha t\u00e9cnica<\/span>\n\t\t\t\t\t<\/span>\n\t\t\t\t\t<\/a>\n\t\t\t\t\t\t\t\t<\/div>\n\t\t\t\t<\/div>\n\t\t\t\t<\/div>\n\t\t<div class=\"elementor-element elementor-element-ac88ce9 e-con-full e-flex e-con e-child\" data-id=\"ac88ce9\" data-element_type=\"container\" data-settings=\"{&quot;background_background&quot;:&quot;gradient&quot;}\">\n\t\t<div class=\"elementor-element elementor-element-a129b72 e-con-full e-flex e-con e-child\" data-id=\"a129b72\" data-element_type=\"container\">\n\t\t\t\t<div class=\"elementor-element elementor-element-7730bef animated-slow elementor-invisible elementor-widget elementor-widget-int-sec-title\" data-id=\"7730bef\" data-element_type=\"widget\" data-settings=\"{&quot;_animation&quot;:&quot;fadeInRight&quot;}\" data-widget_type=\"int-sec-title.default\">\n\t\t\t\t<div class=\"elementor-widget-container\">\n\t\t\t\t\t                <div class=\"section-title\">\r\n                            <h2 class=\"title xb-split-text split-in-right\">GENERADORES DE OXIGENO <span style=\"color: #FF6A13\">BANGWIN<\/span> <\/h2>\r\n                    <\/div>\r\n    \t\t\t\t<\/div>\n\t\t\t\t<\/div>\n\t\t\t\t<div class=\"elementor-element elementor-element-e5474c6 animated-slow elementor-invisible elementor-widget elementor-widget-text-editor\" data-id=\"e5474c6\" data-element_type=\"widget\" data-settings=\"{&quot;_animation&quot;:&quot;fadeInRight&quot;}\" data-widget_type=\"text-editor.default\">\n\t\t\t\t\t\t\t\t\t<p style=\"font-family: Montserrat; font-size: 16px; line-height: 22px; text-align: justify; text-justify: inter-word; color: #ffffff;\">Los Generadores de Ox\u00edgeno BangWin producen ox\u00edgeno con un 93% de pureza directamente en el punto de uso mediante tecnolog\u00eda VPSA. Al generar ox\u00edgeno en el propio centro de cultivo, son una fuente continua e independiente para la oxigenaci\u00f3n de jaulas y pisciculturas, con operaci\u00f3n estable y de bajo mantenimiento que mejora la bioseguridad, el bienestar animal y la productividad en acuicultura.<\/p>\t\t\t\t\t\t\t\t<\/div>\n\t\t\t\t<\/div>\n\t\t\t\t<\/div>\n\t\t\t\t<\/div>\n\t\t<div class=\"elementor-element elementor-element-ab0f3da e-con-full e-flex e-con e-parent\" data-id=\"ab0f3da\" data-element_type=\"container\" data-settings=\"{&quot;background_background&quot;:&quot;classic&quot;}\">\n\t\t<div class=\"elementor-element elementor-element-71ab6b1 e-con-full e-flex e-con e-child\" data-id=\"71ab6b1\" data-element_type=\"container\" data-settings=\"{&quot;background_background&quot;:&quot;gradient&quot;}\">\n\t\t<div class=\"elementor-element elementor-element-1cf05b8 e-con-full e-flex e-con e-child\" data-id=\"1cf05b8\" data-element_type=\"container\">\n\t\t\t\t<div class=\"elementor-element elementor-element-7e91682 animated-slow elementor-invisible elementor-widget elementor-widget-int-sec-title\" data-id=\"7e91682\" data-element_type=\"widget\" data-settings=\"{&quot;_animation&quot;:&quot;fadeInRight&quot;}\" data-widget_type=\"int-sec-title.default\">\n\t\t\t\t<div class=\"elementor-widget-container\">\n\t\t\t\t\t                <div class=\"section-title\">\r\n                            <h2 class=\"title xb-split-text split-in-right\"><span style=\"color: #FF6A13\">NANOOX<\/span> BOLT<\/h2>\r\n                    <\/div>\r\n    \t\t\t\t<\/div>\n\t\t\t\t<\/div>\n\t\t\t\t<div class=\"elementor-element elementor-element-150840e animated-slow elementor-invisible elementor-widget elementor-widget-text-editor\" data-id=\"150840e\" data-element_type=\"widget\" data-settings=\"{&quot;_animation&quot;:&quot;fadeInRight&quot;}\" data-widget_type=\"text-editor.default\">\n\t\t\t\t\t\t\t\t\t<p style=\"font-family: Montserrat; font-size: 16px; line-height: 22px; text-align: justify; text-justify: inter-word; color: #ffffff;\">Nanoox Bolt es un equipo de difusi\u00f3n de ox\u00edgeno por nanoburbujas para acuicultura, dise\u00f1ado para ba\u00f1os de salmones y procesos de cosecha. Entrega un aporte estable de ox\u00edgeno que acelera la recuperaci\u00f3n, reduce el estr\u00e9s y mejora el bienestar animal en los momentos m\u00e1s cr\u00edticos del cultivo. Adem\u00e1s, disminuye hasta un 80% el consumo de ox\u00edgeno, ofreciendo mayor autonom\u00eda, control y una operaci\u00f3n m\u00e1s sustentable.<\/p>\t\t\t\t\t\t\t\t<\/div>\n\t\t\t\t<\/div>\n\t\t\t\t<\/div>\n\t\t<div class=\"elementor-element elementor-element-cc91f94 e-con-full e-flex e-con e-child\" data-id=\"cc91f94\" data-element_type=\"container\" data-settings=\"{&quot;background_background&quot;:&quot;classic&quot;}\">\n\t\t<div class=\"elementor-element elementor-element-1165db9 e-con-full e-flex e-con e-child\" data-id=\"1165db9\" data-element_type=\"container\" data-settings=\"{&quot;background_background&quot;:&quot;classic&quot;}\">\n\t\t\t\t<div class=\"elementor-element elementor-element-06c195b elementor-pagination-position-outside elementor-widget elementor-widget-image-carousel\" data-id=\"06c195b\" data-element_type=\"widget\" data-settings=\"{&quot;slides_to_show&quot;:&quot;1&quot;,&quot;navigation&quot;:&quot;dots&quot;,&quot;autoplay&quot;:&quot;yes&quot;,&quot;pause_on_hover&quot;:&quot;yes&quot;,&quot;pause_on_interaction&quot;:&quot;yes&quot;,&quot;autoplay_speed&quot;:5000,&quot;infinite&quot;:&quot;yes&quot;,&quot;effect&quot;:&quot;slide&quot;,&quot;speed&quot;:500}\" data-widget_type=\"image-carousel.default\">\n\t\t\t\t\t\t\t<div class=\"elementor-image-carousel-wrapper swiper\" role=\"region\" aria-roledescription=\"carousel\" aria-label=\"NANOO BOLT IMG\" dir=\"ltr\">\n\t\t\t<div class=\"elementor-image-carousel swiper-wrapper\" aria-live=\"off\">\n\t\t\t\t\t\t\t\t<div class=\"swiper-slide\" role=\"group\" aria-roledescription=\"slide\" aria-label=\"1 de 2\"><figure class=\"swiper-slide-inner\"><img decoding=\"async\" class=\"swiper-slide-image\" src=\"https:\/\/itgchile.com\/wp-content\/uploads\/2025\/11\/4.NANOOX-BOLT-2.jpeg\" alt=\"4.NANOOX BOLT 2\" \/><\/figure><\/div><div class=\"swiper-slide\" role=\"group\" aria-roledescription=\"slide\" aria-label=\"2 de 2\"><figure class=\"swiper-slide-inner\"><img decoding=\"async\" class=\"swiper-slide-image\" src=\"https:\/\/itgchile.com\/wp-content\/uploads\/2025\/11\/4b.-NANOOX-BOLT.jpg\" alt=\"4b. NANOOX BOLT\" \/><\/figure><\/div>\t\t\t<\/div>\n\t\t\t\t\t\t\t\n\t\t\t\t\t\t\t\t\t<div class=\"swiper-pagination\"><\/div>\n\t\t\t\t\t\t\t\t\t<\/div>\n\t\t\t\t\t\t<\/div>\n\t\t\t\t<div class=\"elementor-element elementor-element-9a601d1 elementor-invisible elementor-widget elementor-widget-button\" data-id=\"9a601d1\" data-element_type=\"widget\" data-settings=\"{&quot;_animation&quot;:&quot;fadeInLeft&quot;}\" data-widget_type=\"button.default\">\n\t\t\t\t\t\t\t\t\t\t<a class=\"elementor-button elementor-button-link elementor-size-sm\" href=\"https:\/\/itgchile.com\/index.php\/bienestar-animal\/\">\n\t\t\t\t\t\t<span class=\"elementor-button-content-wrapper\">\n\t\t\t\t\t\t<span class=\"elementor-button-icon\">\n\t\t\t\t<svg aria-hidden=\"true\" class=\"e-font-icon-svg e-fas-long-arrow-alt-right\" viewBox=\"0 0 448 512\" xmlns=\"http:\/\/www.w3.org\/2000\/svg\"><path d=\"M313.941 216H12c-6.627 0-12 5.373-12 12v56c0 6.627 5.373 12 12 12h301.941v46.059c0 21.382 25.851 32.09 40.971 16.971l86.059-86.059c9.373-9.373 9.373-24.569 0-33.941l-86.059-86.059c-15.119-15.119-40.971-4.411-40.971 16.971V216z\"><\/path><\/svg>\t\t\t<\/span>\n\t\t\t\t\t\t\t\t\t<span class=\"elementor-button-text\">Descargar ficha t\u00e9cnica<\/span>\n\t\t\t\t\t<\/span>\n\t\t\t\t\t<\/a>\n\t\t\t\t\t\t\t\t<\/div>\n\t\t\t\t<\/div>\n\t\t\t\t<\/div>\n\t\t\t\t<\/div>\n\t\t\t\t<\/div>\n\t\t","protected":false},"excerpt":{"rendered":"<p>Bienestar ANIMAL frecemos soluciones para mantener a los peces sanos y con bajo nivel de estr\u00e9s mediante oxigenaci\u00f3n continua, estable y controlada. Esto reduce eventos cr\u00edticos y fortalece la estabilidad operativa, impulsando una salmonicultura m\u00e1s sostenible. Conoce c\u00f3mo nuestra tecnolog\u00eda de oxigenaci\u00f3n por nanoburbujas aporta en cada etapa. NANOOX CAGE Nanoox Cage es un sistema [&hellip;]<\/p>\n","protected":false},"author":1,"featured_media":0,"parent":0,"menu_order":0,"comment_status":"closed","ping_status":"closed","template":"magix-template.php","meta":{"inline_featured_image":false,"footnotes":""},"class_list":["post-3282","page","type-page","status-publish","hentry"],"_links":{"self":[{"href":"https:\/\/itgchile.com\/index.php\/wp-json\/wp\/v2\/pages\/3282","targetHints":{"allow":["GET"]}}],"collection":[{"href":"https:\/\/itgchile.com\/index.php\/wp-json\/wp\/v2\/pages"}],"about":[{"href":"https:\/\/itgchile.com\/index.php\/wp-json\/wp\/v2\/types\/page"}],"author":[{"embeddable":true,"href":"https:\/\/itgchile.com\/index.php\/wp-json\/wp\/v2\/users\/1"}],"replies":[{"embeddable":true,"href":"https:\/\/itgchile.com\/index.php\/wp-json\/wp\/v2\/comments?post=3282"}],"version-history":[{"count":52,"href":"https:\/\/itgchile.com\/index.php\/wp-json\/wp\/v2\/pages\/3282\/revisions"}],"predecessor-version":[{"id":4593,"href":"https:\/\/itgchile.com\/index.php\/wp-json\/wp\/v2\/pages\/3282\/revisions\/4593"}],"wp:attachment":[{"href":"https:\/\/itgchile.com\/index.php\/wp-json\/wp\/v2\/media?parent=3282"}],"curies":[{"name":"wp","href":"https:\/\/api.w.org\/{rel}","templated":true}]}}