{"id":3825,"date":"2025-11-02T13:39:00","date_gmt":"2025-11-02T13:39:00","guid":{"rendered":"https:\/\/itgchile.com\/prueba1\/?page_id=3825"},"modified":"2025-12-05T05:17:21","modified_gmt":"2025-12-05T05:17:21","slug":"produccion-eficiente","status":"publish","type":"page","link":"https:\/\/itgchile.com\/index.php\/produccion-eficiente\/","title":{"rendered":"Producci\u00f3n Eficiente"},"content":{"rendered":"\t\t<div data-elementor-type=\"wp-page\" data-elementor-id=\"3825\" class=\"elementor elementor-3825\">\n\t\t\t\t\t\t<section class=\"elementor-section elementor-top-section elementor-element elementor-element-10b790ad elementor-section-full_width elementor-section-height-default elementor-section-height-default\" data-id=\"10b790ad\" data-element_type=\"section\" data-settings=\"{&quot;background_background&quot;:&quot;video&quot;,&quot;background_video_link&quot;:&quot;https:\\\/\\\/itgchile.com\\\/wp-content\\\/uploads\\\/2025\\\/11\\\/1a.-Loop-Produccion-Eficiente-1.mov&quot;,&quot;background_play_on_mobile&quot;:&quot;yes&quot;}\">\n\t\t\t\t\t\t\t\t<div class=\"elementor-background-video-container\" aria-hidden=\"true\">\n\t\t\t\t\t\t\t\t\t\t\t\t\t<video class=\"elementor-background-video-hosted\" autoplay muted playsinline loop><\/video>\n\t\t\t\t\t\t\t\t\t\t\t<\/div>\n\t\t\t\t\t\t\t\t\t<div class=\"elementor-background-overlay\"><\/div>\n\t\t\t\t\t\t\t<div class=\"elementor-container elementor-column-gap-no\">\n\t\t\t\t\t<div class=\"elementor-column elementor-col-100 elementor-top-column elementor-element elementor-element-9082610\" data-id=\"9082610\" data-element_type=\"column\">\n\t\t\t<div class=\"elementor-widget-wrap elementor-element-populated\">\n\t\t\t\t<div class=\"elementor-element elementor-element-e595177 e-flex e-con-boxed e-con e-parent\" data-id=\"e595177\" data-element_type=\"container\" data-settings=\"{&quot;background_background&quot;:&quot;classic&quot;}\">\n\t\t\t\t\t<div class=\"e-con-inner\">\n\t\t\t\t<div class=\"elementor-element elementor-element-15f39ce animated-slow elementor-invisible elementor-widget elementor-widget-int-sec-title\" data-id=\"15f39ce\" data-element_type=\"widget\" data-settings=\"{&quot;_animation&quot;:&quot;fadeInDown&quot;}\" data-widget_type=\"int-sec-title.default\">\n\t\t\t\t<div class=\"elementor-widget-container\">\n\t\t\t\t\t                <div class=\"section-title\">\r\n                            <h2 class=\"title xb-split-text split-in-right\"><span style=\"color: #ff6600\">PRODUCCI\u00d3N <\/span> EFICIENTE <\/h2>\r\n                    <\/div>\r\n    \t\t\t\t<\/div>\n\t\t\t\t<\/div>\n\t\t\t\t<div class=\"elementor-element elementor-element-54e0914 elementor-invisible elementor-widget elementor-widget-heading\" data-id=\"54e0914\" data-element_type=\"widget\" data-settings=\"{&quot;_animation&quot;:&quot;fadeInUp&quot;}\" data-widget_type=\"heading.default\">\n\t\t\t\t\t<h3 class=\"elementor-heading-title elementor-size-default\">Integramos tecnolog\u00eda, infraestructura y soporte especializado para mejorar la estabilidad operativa y la eficiencia en la acuicultura.\nDescubre las soluciones que aumentan la productividad y hacen m\u00e1s predecible la operaci\u00f3n de tus centros de cultivo.<\/h3>\t\t\t\t<\/div>\n\t\t\t\t\t<\/div>\n\t\t\t\t<\/div>\n\t\t\t\t\t<\/div>\n\t\t<\/div>\n\t\t\t\t\t<\/div>\n\t\t<\/section>\n\t\t<div class=\"elementor-element elementor-element-ab0f3da e-con-full e-flex e-con e-parent\" data-id=\"ab0f3da\" data-element_type=\"container\" data-settings=\"{&quot;background_background&quot;:&quot;classic&quot;}\">\n\t\t<div class=\"elementor-element elementor-element-2121074 e-con-full e-flex e-con e-child\" data-id=\"2121074\" data-element_type=\"container\" data-settings=\"{&quot;background_background&quot;:&quot;gradient&quot;}\">\n\t\t<div class=\"elementor-element elementor-element-e23c8c4 e-con-full e-flex e-con e-child\" data-id=\"e23c8c4\" data-element_type=\"container\">\n\t\t\t\t<div class=\"elementor-element elementor-element-ad3c2c0 animated-slow elementor-invisible elementor-widget elementor-widget-int-sec-title\" data-id=\"ad3c2c0\" data-element_type=\"widget\" data-settings=\"{&quot;_animation&quot;:&quot;fadeInRight&quot;}\" data-widget_type=\"int-sec-title.default\">\n\t\t\t\t<div class=\"elementor-widget-container\">\n\t\t\t\t\t                <div class=\"section-title\">\r\n                            <h2 class=\"title xb-split-text split-in-right\"><span style=\"color: #FF6A13\">PONTONES<\/span> DE ALIMENTACI\u00d3N FLUCTUS<\/h2>\r\n                    <\/div>\r\n    \t\t\t\t<\/div>\n\t\t\t\t<\/div>\n\t\t\t\t<div class=\"elementor-element elementor-element-7a427c0 animated-slow elementor-invisible elementor-widget elementor-widget-text-editor\" data-id=\"7a427c0\" data-element_type=\"widget\" data-settings=\"{&quot;_animation&quot;:&quot;fadeInRight&quot;}\" data-widget_type=\"text-editor.default\">\n\t\t\t\t\t\t\t\t\t<p style=\"font-family: Montserrat; font-size: 16px; line-height: 22px; text-align: justify; text-justify: inter-word; color: #ffffff;\">Con casi treinta a\u00f1os de experiencia y m\u00e1s de doscientos dise\u00f1os operando en centros de cultivo, los pontones Fluctus ofrecen una soluci\u00f3n robusta para la industria acu\u00edcola. Desarrollamos todos los modelos en 3D y los adaptamos a cada proyecto. Gracias a la alianza entre ITG y Fluctus, puedes optar por soluciones que van desde el dise\u00f1o hasta el pont\u00f3n completamente equipado.<\/p>\t\t\t\t\t\t\t\t<\/div>\n\t\t\t\t<div class=\"elementor-element elementor-element-0521964 elementor-invisible elementor-widget elementor-widget-button\" data-id=\"0521964\" data-element_type=\"widget\" data-settings=\"{&quot;_animation&quot;:&quot;fadeInRight&quot;}\" data-widget_type=\"button.default\">\n\t\t\t\t\t\t\t\t\t\t<a class=\"elementor-button elementor-button-link elementor-size-sm\" href=\"https:\/\/fluctus.no\/es\/produkt\/pontones-de-alimentacion\">\n\t\t\t\t\t\t<span class=\"elementor-button-content-wrapper\">\n\t\t\t\t\t\t<span class=\"elementor-button-icon\">\n\t\t\t\t<svg aria-hidden=\"true\" class=\"e-font-icon-svg e-fas-long-arrow-alt-right\" viewBox=\"0 0 448 512\" xmlns=\"http:\/\/www.w3.org\/2000\/svg\"><path d=\"M313.941 216H12c-6.627 0-12 5.373-12 12v56c0 6.627 5.373 12 12 12h301.941v46.059c0 21.382 25.851 32.09 40.971 16.971l86.059-86.059c9.373-9.373 9.373-24.569 0-33.941l-86.059-86.059c-15.119-15.119-40.971-4.411-40.971 16.971V216z\"><\/path><\/svg>\t\t\t<\/span>\n\t\t\t\t\t\t\t\t\t<span class=\"elementor-button-text\">Ver Pontones Fluctus<\/span>\n\t\t\t\t\t<\/span>\n\t\t\t\t\t<\/a>\n\t\t\t\t\t\t\t\t<\/div>\n\t\t\t\t<\/div>\n\t\t\t\t<\/div>\n\t\t<div class=\"elementor-element elementor-element-49abf31 e-con-full e-flex e-con e-child\" data-id=\"49abf31\" data-element_type=\"container\" data-settings=\"{&quot;background_background&quot;:&quot;classic&quot;}\">\n\t\t<div class=\"elementor-element elementor-element-2f76c70 e-con-full e-flex e-con e-child\" data-id=\"2f76c70\" data-element_type=\"container\" data-settings=\"{&quot;background_background&quot;:&quot;classic&quot;}\">\n\t\t\t\t<div class=\"elementor-element elementor-element-990531f elementor-invisible elementor-widget elementor-widget-image\" data-id=\"990531f\" data-element_type=\"widget\" data-settings=\"{&quot;_animation&quot;:&quot;fadeInRight&quot;}\" data-widget_type=\"image.default\">\n\t\t\t\t\t\t\t\t\t\t\t\t\t\t\t<img fetchpriority=\"high\" decoding=\"async\" width=\"1920\" height=\"1080\" src=\"https:\/\/itgchile.com\/wp-content\/uploads\/2025\/11\/2.Pontones.jpg\" class=\"attachment-full size-full wp-image-3828\" alt=\"\" srcset=\"https:\/\/itgchile.com\/wp-content\/uploads\/2025\/11\/2.Pontones.jpg 1920w, https:\/\/itgchile.com\/wp-content\/uploads\/2025\/11\/2.Pontones-300x169.jpg 300w, https:\/\/itgchile.com\/wp-content\/uploads\/2025\/11\/2.Pontones-1024x576.jpg 1024w, https:\/\/itgchile.com\/wp-content\/uploads\/2025\/11\/2.Pontones-768x432.jpg 768w, https:\/\/itgchile.com\/wp-content\/uploads\/2025\/11\/2.Pontones-1536x864.jpg 1536w, https:\/\/itgchile.com\/wp-content\/uploads\/2025\/11\/2.Pontones-600x338.jpg 600w\" sizes=\"(max-width: 1920px) 100vw, 1920px\" \/>\t\t\t\t\t\t\t\t\t\t\t\t\t\t\t<\/div>\n\t\t\t\t<\/div>\n\t\t\t\t<\/div>\n\t\t\t\t<\/div>\n\t\t<div class=\"elementor-element elementor-element-9e22a8d e-con-full e-flex e-con e-parent\" data-id=\"9e22a8d\" data-element_type=\"container\" data-settings=\"{&quot;background_background&quot;:&quot;classic&quot;}\">\n\t\t<div class=\"elementor-element elementor-element-30ae194 e-con-full e-flex e-con e-child\" data-id=\"30ae194\" data-element_type=\"container\" data-settings=\"{&quot;background_background&quot;:&quot;classic&quot;}\">\n\t\t<div class=\"elementor-element elementor-element-e3a3066 e-con-full e-flex e-con e-child\" data-id=\"e3a3066\" data-element_type=\"container\" data-settings=\"{&quot;background_background&quot;:&quot;classic&quot;}\">\n\t\t\t\t<div class=\"elementor-element elementor-element-0bd649b elementor-pagination-position-outside elementor-invisible elementor-widget elementor-widget-image-carousel\" data-id=\"0bd649b\" data-element_type=\"widget\" data-settings=\"{&quot;slides_to_show&quot;:&quot;1&quot;,&quot;navigation&quot;:&quot;dots&quot;,&quot;_animation&quot;:&quot;fadeInLeft&quot;,&quot;autoplay&quot;:&quot;yes&quot;,&quot;pause_on_hover&quot;:&quot;yes&quot;,&quot;pause_on_interaction&quot;:&quot;yes&quot;,&quot;autoplay_speed&quot;:5000,&quot;infinite&quot;:&quot;yes&quot;,&quot;effect&quot;:&quot;slide&quot;,&quot;speed&quot;:500}\" data-widget_type=\"image-carousel.default\">\n\t\t\t\t\t\t\t<div class=\"elementor-image-carousel-wrapper swiper\" role=\"region\" aria-roledescription=\"carousel\" aria-label=\"NANOO BOLT IMG\" dir=\"ltr\">\n\t\t\t<div class=\"elementor-image-carousel swiper-wrapper\" aria-live=\"off\">\n\t\t\t\t\t\t\t\t<div class=\"swiper-slide\" role=\"group\" aria-roledescription=\"slide\" aria-label=\"1 de 3\"><figure class=\"swiper-slide-inner\"><img decoding=\"async\" class=\"swiper-slide-image\" src=\"https:\/\/itgchile.com\/wp-content\/uploads\/2025\/11\/3a.Waterborne.jpg\" alt=\"3a.Waterborne\" \/><\/figure><\/div><div class=\"swiper-slide\" role=\"group\" aria-roledescription=\"slide\" aria-label=\"2 de 3\"><figure class=\"swiper-slide-inner\"><img decoding=\"async\" class=\"swiper-slide-image\" src=\"https:\/\/itgchile.com\/wp-content\/uploads\/2025\/11\/3.Waterborne-1.jpg\" alt=\"3.Waterborne (1)\" \/><\/figure><\/div><div class=\"swiper-slide\" role=\"group\" aria-roledescription=\"slide\" aria-label=\"3 de 3\"><figure class=\"swiper-slide-inner\"><img decoding=\"async\" class=\"swiper-slide-image\" src=\"https:\/\/itgchile.com\/wp-content\/uploads\/2025\/11\/3b.-Waterborne-scaled.png\" alt=\"3b. Waterborne\" \/><\/figure><\/div>\t\t\t<\/div>\n\t\t\t\t\t\t\t\n\t\t\t\t\t\t\t\t\t<div class=\"swiper-pagination\"><\/div>\n\t\t\t\t\t\t\t\t\t<\/div>\n\t\t\t\t\t\t<\/div>\n\t\t\t\t<\/div>\n\t\t\t\t<\/div>\n\t\t<div class=\"elementor-element elementor-element-ac88ce9 e-con-full e-flex e-con e-child\" data-id=\"ac88ce9\" data-element_type=\"container\" data-settings=\"{&quot;background_background&quot;:&quot;gradient&quot;}\">\n\t\t<div class=\"elementor-element elementor-element-a129b72 e-con-full e-flex e-con e-child\" data-id=\"a129b72\" data-element_type=\"container\">\n\t\t\t\t<div class=\"elementor-element elementor-element-7730bef animated-slow elementor-invisible elementor-widget elementor-widget-int-sec-title\" data-id=\"7730bef\" data-element_type=\"widget\" data-settings=\"{&quot;_animation&quot;:&quot;fadeInRight&quot;}\" data-widget_type=\"int-sec-title.default\">\n\t\t\t\t<div class=\"elementor-widget-container\">\n\t\t\t\t\t                <div class=\"section-title\">\r\n                            <h2 class=\"title xb-split-text split-in-right\">SISTEMAS DE <span style=\"color: #FF6A13\">ALIMENTACI\u00d3N FLUCTUS<\/span> <\/h2>\r\n                    <\/div>\r\n    \t\t\t\t<\/div>\n\t\t\t\t<\/div>\n\t\t\t\t<div class=\"elementor-element elementor-element-e5474c6 animated-slow elementor-invisible elementor-widget elementor-widget-text-editor\" data-id=\"e5474c6\" data-element_type=\"widget\" data-settings=\"{&quot;_animation&quot;:&quot;fadeInRight&quot;}\" data-widget_type=\"text-editor.default\">\n\t\t\t\t\t\t\t\t\t<p style=\"font-family: Montserrat; font-size: 16px; line-height: 22px; text-align: justify; text-justify: inter-word; color: #ffffff;\">Los sistemas de alimentaci\u00f3n Fluctus combinan m\u00e1s de cuatro d\u00e9cadas de experiencia y cerca de mil proyectos instalados. Ofrecen soluciones por aire y por agua, dise\u00f1adas para operar con alta eficiencia tanto en agua dulce como en agua de mar. Gracias a la alianza entre ITG y Fluctus, puedes optar por sistemas que integran tecnolog\u00eda Waterborne, capaz de reducir hasta un 75% el consumo energ\u00e9tico en tus operaciones.<\/p>\t\t\t\t\t\t\t\t<\/div>\n\t\t\t\t<div class=\"elementor-element elementor-element-1e1e54b elementor-align-left elementor-invisible elementor-widget elementor-widget-button\" data-id=\"1e1e54b\" data-element_type=\"widget\" data-settings=\"{&quot;_animation&quot;:&quot;fadeInLeft&quot;}\" data-widget_type=\"button.default\">\n\t\t\t\t\t\t\t\t\t\t<a class=\"elementor-button elementor-button-link elementor-size-sm\" href=\"https:\/\/fluctus.no\/es\/produkt\/sistemas-de-alimentacion-en-mar-y-tierra\">\n\t\t\t\t\t\t<span class=\"elementor-button-content-wrapper\">\n\t\t\t\t\t\t<span class=\"elementor-button-icon\">\n\t\t\t\t<svg aria-hidden=\"true\" class=\"e-font-icon-svg e-fas-long-arrow-alt-right\" viewBox=\"0 0 448 512\" xmlns=\"http:\/\/www.w3.org\/2000\/svg\"><path d=\"M313.941 216H12c-6.627 0-12 5.373-12 12v56c0 6.627 5.373 12 12 12h301.941v46.059c0 21.382 25.851 32.09 40.971 16.971l86.059-86.059c9.373-9.373 9.373-24.569 0-33.941l-86.059-86.059c-15.119-15.119-40.971-4.411-40.971 16.971V216z\"><\/path><\/svg>\t\t\t<\/span>\n\t\t\t\t\t\t\t\t\t<span class=\"elementor-button-text\">Ver Sistemas de Alimentaci\u00f3n Fluctus<\/span>\n\t\t\t\t\t<\/span>\n\t\t\t\t\t<\/a>\n\t\t\t\t\t\t\t\t<\/div>\n\t\t\t\t<\/div>\n\t\t\t\t<\/div>\n\t\t\t\t<\/div>\n\t\t<div class=\"elementor-element elementor-element-1d4b6fa e-con-full e-flex e-con e-parent\" data-id=\"1d4b6fa\" data-element_type=\"container\" data-settings=\"{&quot;background_background&quot;:&quot;classic&quot;}\">\n\t\t<div class=\"elementor-element elementor-element-1ba5ab5 e-con-full e-flex e-con e-child\" data-id=\"1ba5ab5\" data-element_type=\"container\" data-settings=\"{&quot;background_background&quot;:&quot;gradient&quot;}\">\n\t\t<div class=\"elementor-element elementor-element-01d0540 e-con-full e-flex e-con e-child\" data-id=\"01d0540\" data-element_type=\"container\">\n\t\t\t\t<div class=\"elementor-element elementor-element-9a3b8b0 animated-slow elementor-invisible elementor-widget elementor-widget-int-sec-title\" data-id=\"9a3b8b0\" data-element_type=\"widget\" data-settings=\"{&quot;_animation&quot;:&quot;fadeInRight&quot;}\" data-widget_type=\"int-sec-title.default\">\n\t\t\t\t<div class=\"elementor-widget-container\">\n\t\t\t\t\t                <div class=\"section-title\">\r\n                            <h2 class=\"title xb-split-text split-in-right\"><span style=\"color: #FF6A13\">DISPERSORES\n<\/span> FLUCTUS<\/h2>\r\n                    <\/div>\r\n    \t\t\t\t<\/div>\n\t\t\t\t<\/div>\n\t\t\t\t<div class=\"elementor-element elementor-element-81be7e3 animated-slow elementor-invisible elementor-widget elementor-widget-text-editor\" data-id=\"81be7e3\" data-element_type=\"widget\" data-settings=\"{&quot;_animation&quot;:&quot;fadeInRight&quot;}\" data-widget_type=\"text-editor.default\">\n\t\t\t\t\t\t\t\t\t<p style=\"font-family: Montserrat; font-size: 16px; line-height: 22px; text-align: justify; text-justify: inter-word; color: #ffffff;\">Los dispersores Fluctus aseguran una entrega de alimento estable y precisa en cada ciclo de alimentaci\u00f3n. Su dise\u00f1o evita la entrada de agua en la manguera y permite una distribuci\u00f3n controlada en la jaula. La l\u00ednea incluye modelos est\u00e1ndar, motorizados y submarinos. En alianza con ITG, puedes optar por soluciones que se ajusten a distintos requerimientos de operaci\u00f3n en agua dulce y mar.<\/p>\t\t\t\t\t\t\t\t<\/div>\n\t\t\t\t<div class=\"elementor-element elementor-element-f16d169 elementor-invisible elementor-widget elementor-widget-button\" data-id=\"f16d169\" data-element_type=\"widget\" data-settings=\"{&quot;_animation&quot;:&quot;fadeInRight&quot;}\" data-widget_type=\"button.default\">\n\t\t\t\t\t\t\t\t\t\t<a class=\"elementor-button elementor-button-link elementor-size-sm\" href=\"https:\/\/fluctus.no\/es\/produkt\/dispersores\">\n\t\t\t\t\t\t<span class=\"elementor-button-content-wrapper\">\n\t\t\t\t\t\t<span class=\"elementor-button-icon\">\n\t\t\t\t<svg aria-hidden=\"true\" class=\"e-font-icon-svg e-fas-long-arrow-alt-right\" viewBox=\"0 0 448 512\" xmlns=\"http:\/\/www.w3.org\/2000\/svg\"><path d=\"M313.941 216H12c-6.627 0-12 5.373-12 12v56c0 6.627 5.373 12 12 12h301.941v46.059c0 21.382 25.851 32.09 40.971 16.971l86.059-86.059c9.373-9.373 9.373-24.569 0-33.941l-86.059-86.059c-15.119-15.119-40.971-4.411-40.971 16.971V216z\"><\/path><\/svg>\t\t\t<\/span>\n\t\t\t\t\t\t\t\t\t<span class=\"elementor-button-text\">Ver Dispersores Fluctus<\/span>\n\t\t\t\t\t<\/span>\n\t\t\t\t\t<\/a>\n\t\t\t\t\t\t\t\t<\/div>\n\t\t\t\t<\/div>\n\t\t\t\t<\/div>\n\t\t<div class=\"elementor-element elementor-element-84bc973 e-con-full e-flex e-con e-child\" data-id=\"84bc973\" data-element_type=\"container\" data-settings=\"{&quot;background_background&quot;:&quot;classic&quot;}\">\n\t\t<div class=\"elementor-element elementor-element-733710e e-con-full e-flex e-con e-child\" data-id=\"733710e\" data-element_type=\"container\" data-settings=\"{&quot;background_background&quot;:&quot;classic&quot;}\">\n\t\t\t\t<div class=\"elementor-element elementor-element-70386f7 elementor-pagination-position-outside elementor-invisible elementor-widget elementor-widget-image-carousel\" data-id=\"70386f7\" data-element_type=\"widget\" data-settings=\"{&quot;slides_to_show&quot;:&quot;1&quot;,&quot;navigation&quot;:&quot;dots&quot;,&quot;_animation&quot;:&quot;fadeInRight&quot;,&quot;autoplay&quot;:&quot;yes&quot;,&quot;pause_on_hover&quot;:&quot;yes&quot;,&quot;pause_on_interaction&quot;:&quot;yes&quot;,&quot;autoplay_speed&quot;:5000,&quot;infinite&quot;:&quot;yes&quot;,&quot;effect&quot;:&quot;slide&quot;,&quot;speed&quot;:500}\" data-widget_type=\"image-carousel.default\">\n\t\t\t\t\t\t\t<div class=\"elementor-image-carousel-wrapper swiper\" role=\"region\" aria-roledescription=\"carousel\" aria-label=\"LAPMARA PHILIPS IMG\" dir=\"ltr\">\n\t\t\t<div class=\"elementor-image-carousel swiper-wrapper\" aria-live=\"off\">\n\t\t\t\t\t\t\t\t<div class=\"swiper-slide\" role=\"group\" aria-roledescription=\"slide\" aria-label=\"1 de 2\"><figure class=\"swiper-slide-inner\"><img decoding=\"async\" class=\"swiper-slide-image\" src=\"https:\/\/itgchile.com\/wp-content\/uploads\/2025\/11\/4a.Dispersores.jpg\" alt=\"4a.Dispersores\" \/><\/figure><\/div><div class=\"swiper-slide\" role=\"group\" aria-roledescription=\"slide\" aria-label=\"2 de 2\"><figure class=\"swiper-slide-inner\"><img decoding=\"async\" class=\"swiper-slide-image\" src=\"https:\/\/itgchile.com\/wp-content\/uploads\/2025\/11\/4.Dispersores.jpg\" alt=\"4.Dispersores\" \/><\/figure><\/div>\t\t\t<\/div>\n\t\t\t\t\t\t\t\n\t\t\t\t\t\t\t\t\t<div class=\"swiper-pagination\"><\/div>\n\t\t\t\t\t\t\t\t\t<\/div>\n\t\t\t\t\t\t<\/div>\n\t\t\t\t<\/div>\n\t\t\t\t<\/div>\n\t\t\t\t<\/div>\n\t\t<div class=\"elementor-element elementor-element-1823622 e-con-full e-flex e-con e-parent\" data-id=\"1823622\" data-element_type=\"container\" data-settings=\"{&quot;background_background&quot;:&quot;classic&quot;}\">\n\t\t<div class=\"elementor-element elementor-element-3a5c51b e-con-full e-flex e-con e-child\" data-id=\"3a5c51b\" data-element_type=\"container\" data-settings=\"{&quot;background_background&quot;:&quot;classic&quot;}\">\n\t\t<div class=\"elementor-element elementor-element-781308b e-con-full e-flex e-con e-child\" data-id=\"781308b\" data-element_type=\"container\" data-settings=\"{&quot;background_background&quot;:&quot;classic&quot;}\">\n\t\t\t\t<div class=\"elementor-element elementor-element-3efb6ef elementor-pagination-position-outside elementor-invisible elementor-widget elementor-widget-image-carousel\" data-id=\"3efb6ef\" data-element_type=\"widget\" data-settings=\"{&quot;slides_to_show&quot;:&quot;1&quot;,&quot;navigation&quot;:&quot;dots&quot;,&quot;_animation&quot;:&quot;fadeInLeft&quot;,&quot;autoplay&quot;:&quot;yes&quot;,&quot;pause_on_hover&quot;:&quot;yes&quot;,&quot;pause_on_interaction&quot;:&quot;yes&quot;,&quot;autoplay_speed&quot;:5000,&quot;infinite&quot;:&quot;yes&quot;,&quot;effect&quot;:&quot;slide&quot;,&quot;speed&quot;:500}\" data-widget_type=\"image-carousel.default\">\n\t\t\t\t\t\t\t<div class=\"elementor-image-carousel-wrapper swiper\" role=\"region\" aria-roledescription=\"carousel\" aria-label=\"LAPMARA PHILIPS IMG\" dir=\"ltr\">\n\t\t\t<div class=\"elementor-image-carousel swiper-wrapper\" aria-live=\"off\">\n\t\t\t\t\t\t\t\t<div class=\"swiper-slide\" role=\"group\" aria-roledescription=\"slide\" aria-label=\"1 de 2\"><figure class=\"swiper-slide-inner\"><img decoding=\"async\" class=\"swiper-slide-image\" src=\"https:\/\/itgchile.com\/wp-content\/uploads\/2025\/11\/5a.Fotoperiodo-1-1536x864.jpg\" alt=\"5a.Fotoperiodo (1)\" \/><\/figure><\/div><div class=\"swiper-slide\" role=\"group\" aria-roledescription=\"slide\" aria-label=\"2 de 2\"><figure class=\"swiper-slide-inner\"><img decoding=\"async\" class=\"swiper-slide-image\" src=\"https:\/\/itgchile.com\/wp-content\/uploads\/2025\/11\/5.Lampara-philips-1536x864.jpg\" alt=\"5.L\u00e1mpara philips\" \/><\/figure><\/div>\t\t\t<\/div>\n\t\t\t\t\t\t\t\n\t\t\t\t\t\t\t\t\t<div class=\"swiper-pagination\"><\/div>\n\t\t\t\t\t\t\t\t\t<\/div>\n\t\t\t\t\t\t<\/div>\n\t\t\t\t<\/div>\n\t\t\t\t<\/div>\n\t\t<div class=\"elementor-element elementor-element-9f28f07 e-con-full e-flex e-con e-child\" data-id=\"9f28f07\" data-element_type=\"container\" data-settings=\"{&quot;background_background&quot;:&quot;gradient&quot;}\">\n\t\t<div class=\"elementor-element elementor-element-a070514 e-con-full e-flex e-con e-child\" data-id=\"a070514\" data-element_type=\"container\">\n\t\t\t\t<div class=\"elementor-element elementor-element-f5c4f59 animated-slow elementor-invisible elementor-widget elementor-widget-int-sec-title\" data-id=\"f5c4f59\" data-element_type=\"widget\" data-settings=\"{&quot;_animation&quot;:&quot;fadeInRight&quot;}\" data-widget_type=\"int-sec-title.default\">\n\t\t\t\t<div class=\"elementor-widget-container\">\n\t\t\t\t\t                <div class=\"section-title\">\r\n                            <h2 class=\"title xb-split-text split-in-right\">L\u00c1MPARA  MARINA <span style=\"color: #FF6A13\">PHILIPS 680W<\/span> <\/h2>\r\n                    <\/div>\r\n    \t\t\t\t<\/div>\n\t\t\t\t<\/div>\n\t\t\t\t<div class=\"elementor-element elementor-element-8aca6fb animated-slow elementor-invisible elementor-widget elementor-widget-text-editor\" data-id=\"8aca6fb\" data-element_type=\"widget\" data-settings=\"{&quot;_animation&quot;:&quot;fadeInRight&quot;}\" data-widget_type=\"text-editor.default\">\n\t\t\t\t\t\t\t\t\t<p style=\"font-family: Montserrat; font-size: 16px; line-height: 22px; text-align: justify; text-justify: inter-word; color: #ffffff;\">La l\u00e1mpara marina Philips 680W ofrece iluminaci\u00f3n LED sumergible de alta potencia, dise\u00f1ada espec\u00edficamente para mejorar el rendimiento de cultivo en jaulas marinas. Su distribuci\u00f3n de luz optimizada favorece el crecimiento, reduce p\u00e9rdidas por maduraci\u00f3n y disminuye la exposici\u00f3n a piojos de mar. En alianza con ITG, puedes optar por una soluci\u00f3n confiable que impulsa una producci\u00f3n m\u00e1s eficiente y sustentable en agua de mar.<\/p>\t\t\t\t\t\t\t\t<\/div>\n\t\t\t\t<div class=\"elementor-element elementor-element-9f9559b elementor-align-left elementor-invisible elementor-widget elementor-widget-button\" data-id=\"9f9559b\" data-element_type=\"widget\" data-settings=\"{&quot;_animation&quot;:&quot;fadeInLeft&quot;}\" data-widget_type=\"button.default\">\n\t\t\t\t\t\t\t\t\t\t<a class=\"elementor-button elementor-button-link elementor-size-sm\" href=\"https:\/\/www.lighting.philips.cl\/areas-aplicacion\/specialist-applications\/iluminacion-acuicultura\/marina\">\n\t\t\t\t\t\t<span class=\"elementor-button-content-wrapper\">\n\t\t\t\t\t\t<span class=\"elementor-button-icon\">\n\t\t\t\t<svg aria-hidden=\"true\" class=\"e-font-icon-svg e-fas-long-arrow-alt-right\" viewBox=\"0 0 448 512\" xmlns=\"http:\/\/www.w3.org\/2000\/svg\"><path d=\"M313.941 216H12c-6.627 0-12 5.373-12 12v56c0 6.627 5.373 12 12 12h301.941v46.059c0 21.382 25.851 32.09 40.971 16.971l86.059-86.059c9.373-9.373 9.373-24.569 0-33.941l-86.059-86.059c-15.119-15.119-40.971-4.411-40.971 16.971V216z\"><\/path><\/svg>\t\t\t<\/span>\n\t\t\t\t\t\t\t\t\t<span class=\"elementor-button-text\">Ver Philips 680W<\/span>\n\t\t\t\t\t<\/span>\n\t\t\t\t\t<\/a>\n\t\t\t\t\t\t\t\t<\/div>\n\t\t\t\t<\/div>\n\t\t\t\t<\/div>\n\t\t\t\t<\/div>\n\t\t\t\t<\/div>\n\t\t","protected":false},"excerpt":{"rendered":"<p>PRODUCCI\u00d3N EFICIENTE Integramos tecnolog\u00eda, infraestructura y soporte especializado para mejorar la estabilidad operativa y la eficiencia en la acuicultura. Descubre las soluciones que aumentan la productividad y hacen m\u00e1s predecible la operaci\u00f3n de tus centros de cultivo. PONTONES DE ALIMENTACI\u00d3N FLUCTUS Con casi treinta a\u00f1os de experiencia y m\u00e1s de doscientos dise\u00f1os operando en centros [&hellip;]<\/p>\n","protected":false},"author":1,"featured_media":0,"parent":0,"menu_order":0,"comment_status":"closed","ping_status":"closed","template":"magix-template.php","meta":{"inline_featured_image":false,"footnotes":""},"class_list":["post-3825","page","type-page","status-publish","hentry"],"_links":{"self":[{"href":"https:\/\/itgchile.com\/index.php\/wp-json\/wp\/v2\/pages\/3825","targetHints":{"allow":["GET"]}}],"collection":[{"href":"https:\/\/itgchile.com\/index.php\/wp-json\/wp\/v2\/pages"}],"about":[{"href":"https:\/\/itgchile.com\/index.php\/wp-json\/wp\/v2\/types\/page"}],"author":[{"embeddable":true,"href":"https:\/\/itgchile.com\/index.php\/wp-json\/wp\/v2\/users\/1"}],"replies":[{"embeddable":true,"href":"https:\/\/itgchile.com\/index.php\/wp-json\/wp\/v2\/comments?post=3825"}],"version-history":[{"count":62,"href":"https:\/\/itgchile.com\/index.php\/wp-json\/wp\/v2\/pages\/3825\/revisions"}],"predecessor-version":[{"id":4360,"href":"https:\/\/itgchile.com\/index.php\/wp-json\/wp\/v2\/pages\/3825\/revisions\/4360"}],"wp:attachment":[{"href":"https:\/\/itgchile.com\/index.php\/wp-json\/wp\/v2\/media?parent=3825"}],"curies":[{"name":"wp","href":"https:\/\/api.w.org\/{rel}","templated":true}]}}