{"id":3838,"date":"2025-11-02T15:17:22","date_gmt":"2025-11-02T15:17:22","guid":{"rendered":"https:\/\/itgchile.com\/prueba1\/?page_id=3838"},"modified":"2025-12-08T15:52:21","modified_gmt":"2025-12-08T15:52:21","slug":"soporte-tecnico","status":"publish","type":"page","link":"https:\/\/itgchile.com\/index.php\/soporte-tecnico\/","title":{"rendered":"Soporte T\u00e9cnico"},"content":{"rendered":"\t\t<div data-elementor-type=\"wp-page\" data-elementor-id=\"3838\" class=\"elementor elementor-3838\">\n\t\t\t\t\t\t<section class=\"elementor-section elementor-top-section elementor-element elementor-element-10b790ad elementor-section-full_width elementor-section-height-default elementor-section-height-default\" data-id=\"10b790ad\" data-element_type=\"section\" data-settings=\"{&quot;background_background&quot;:&quot;video&quot;,&quot;background_video_link&quot;:&quot;https:\\\/\\\/itgchile.com\\\/wp-content\\\/uploads\\\/2025\\\/11\\\/06.-Servicios-1-1.mov&quot;,&quot;background_play_on_mobile&quot;:&quot;yes&quot;}\">\n\t\t\t\t\t\t\t\t<div class=\"elementor-background-video-container\" aria-hidden=\"true\">\n\t\t\t\t\t\t\t\t\t\t\t\t\t<video class=\"elementor-background-video-hosted\" autoplay muted playsinline loop><\/video>\n\t\t\t\t\t\t\t\t\t\t\t<\/div>\n\t\t\t\t\t\t\t\t\t<div class=\"elementor-background-overlay\"><\/div>\n\t\t\t\t\t\t\t<div class=\"elementor-container elementor-column-gap-no\">\n\t\t\t\t\t<div class=\"elementor-column elementor-col-100 elementor-top-column elementor-element elementor-element-9082610\" data-id=\"9082610\" data-element_type=\"column\">\n\t\t\t<div class=\"elementor-widget-wrap elementor-element-populated\">\n\t\t\t\t<div class=\"elementor-element elementor-element-e595177 e-flex e-con-boxed e-con e-parent\" data-id=\"e595177\" data-element_type=\"container\" data-settings=\"{&quot;background_background&quot;:&quot;classic&quot;}\">\n\t\t\t\t\t<div class=\"e-con-inner\">\n\t\t\t\t<div class=\"elementor-element elementor-element-15f39ce animated-slow elementor-invisible elementor-widget elementor-widget-int-sec-title\" data-id=\"15f39ce\" data-element_type=\"widget\" data-settings=\"{&quot;_animation&quot;:&quot;fadeInDown&quot;}\" data-widget_type=\"int-sec-title.default\">\n\t\t\t\t<div class=\"elementor-widget-container\">\n\t\t\t\t\t                <div class=\"section-title\">\r\n                            <h2 class=\"title xb-split-text split-in-right\"><span style=\"color: #ff6600\">SOPORTE<\/span> T\u00c9CNICO<\/h2>\r\n                    <\/div>\r\n    \t\t\t\t<\/div>\n\t\t\t\t<\/div>\n\t\t\t\t<div class=\"elementor-element elementor-element-54e0914 elementor-invisible elementor-widget elementor-widget-heading\" data-id=\"54e0914\" data-element_type=\"widget\" data-settings=\"{&quot;_animation&quot;:&quot;fadeInUp&quot;}\" data-widget_type=\"heading.default\">\n\t\t\t\t\t<h3 class=\"elementor-heading-title elementor-size-default\">Respaldamos la continuidad operativa con asistencia remota, atenci\u00f3n en terreno y servicios de mantenci\u00f3n y reparaci\u00f3n. Nuestro equipo combina experiencia y tecnolog\u00eda para entregar soporte \u00e1gil y confiable en entornos exigentes.<\/h3>\t\t\t\t<\/div>\n\t\t\t\t\t<\/div>\n\t\t\t\t<\/div>\n\t\t\t\t\t<\/div>\n\t\t<\/div>\n\t\t\t\t\t<\/div>\n\t\t<\/section>\n\t\t<div class=\"elementor-element elementor-element-8b6614d e-con-full e-flex e-con e-parent\" data-id=\"8b6614d\" data-element_type=\"container\" data-settings=\"{&quot;background_background&quot;:&quot;classic&quot;}\">\n\t\t<div class=\"elementor-element elementor-element-81c8014 e-con-full e-flex e-con e-child\" data-id=\"81c8014\" data-element_type=\"container\" data-settings=\"{&quot;background_background&quot;:&quot;gradient&quot;}\">\n\t\t<div class=\"elementor-element elementor-element-3a14119 e-con-full e-flex e-con e-child\" data-id=\"3a14119\" data-element_type=\"container\">\n\t\t\t\t<div class=\"elementor-element elementor-element-9e37b24 animated-slow elementor-invisible elementor-widget elementor-widget-int-sec-title\" data-id=\"9e37b24\" data-element_type=\"widget\" data-settings=\"{&quot;_animation&quot;:&quot;fadeInRight&quot;}\" data-widget_type=\"int-sec-title.default\">\n\t\t\t\t<div class=\"elementor-widget-container\">\n\t\t\t\t\t                <div class=\"section-title\">\r\n                            <h2 class=\"title xb-split-text split-in-right\">ASISTENCIA  T\u00c9CNICA<br><span style=\"color: #FF6A13\"> REMOTA<\/span><\/h2>\r\n                    <\/div>\r\n    \t\t\t\t<\/div>\n\t\t\t\t<\/div>\n\t\t\t\t<div class=\"elementor-element elementor-element-c938d8d animated-slow elementor-invisible elementor-widget elementor-widget-text-editor\" data-id=\"c938d8d\" data-element_type=\"widget\" data-settings=\"{&quot;_animation&quot;:&quot;fadeInRight&quot;}\" data-widget_type=\"text-editor.default\">\n\t\t\t\t\t\t\t\t\t<p style=\"font-family: Montserrat; font-size: 16px; line-height: 22px; text-align: justify; text-justify: inter-word; color: #ffffff;\">Entregamos asistencia t\u00e9cnica remota para diagn\u00f3stico, an\u00e1lisis de datos y resoluci\u00f3n de incidencias. Respaldados por nuestra amplia experiencia en la industria acu\u00edcola y un equipo de especialistas comprometidos y t\u00e9cnicamente capacitados, identificamos desviaciones, ajustamos par\u00e1metros y orientamos acciones que fortalecen la confiabilidad, estabilidad y continuidad de la operaci\u00f3n.<\/p>\t\t\t\t\t\t\t\t<\/div>\n\t\t\t\t<\/div>\n\t\t\t\t<\/div>\n\t\t<div class=\"elementor-element elementor-element-ee88457 e-con-full e-flex e-con e-child\" data-id=\"ee88457\" data-element_type=\"container\" data-settings=\"{&quot;background_background&quot;:&quot;classic&quot;}\">\n\t\t<div class=\"elementor-element elementor-element-bdb4f93 e-con-full e-flex e-con e-child\" data-id=\"bdb4f93\" data-element_type=\"container\" data-settings=\"{&quot;background_background&quot;:&quot;classic&quot;}\">\n\t\t\t\t<div class=\"elementor-element elementor-element-6ba2847 elementor-widget elementor-widget-image\" data-id=\"6ba2847\" data-element_type=\"widget\" data-widget_type=\"image.default\">\n\t\t\t\t\t\t\t\t\t\t\t\t\t\t\t<img fetchpriority=\"high\" decoding=\"async\" width=\"1024\" height=\"576\" src=\"https:\/\/itgchile.com\/wp-content\/uploads\/2025\/12\/SOPORTE-TE\u0301CNICO-ASISTENCIA-REMOTA-1024x576.png\" class=\"attachment-large size-large wp-image-4550\" alt=\"\" srcset=\"https:\/\/itgchile.com\/wp-content\/uploads\/2025\/12\/SOPORTE-TE\u0301CNICO-ASISTENCIA-REMOTA-1024x576.png 1024w, https:\/\/itgchile.com\/wp-content\/uploads\/2025\/12\/SOPORTE-TE\u0301CNICO-ASISTENCIA-REMOTA-300x169.png 300w, https:\/\/itgchile.com\/wp-content\/uploads\/2025\/12\/SOPORTE-TE\u0301CNICO-ASISTENCIA-REMOTA-768x432.png 768w, https:\/\/itgchile.com\/wp-content\/uploads\/2025\/12\/SOPORTE-TE\u0301CNICO-ASISTENCIA-REMOTA-1536x864.png 1536w, https:\/\/itgchile.com\/wp-content\/uploads\/2025\/12\/SOPORTE-TE\u0301CNICO-ASISTENCIA-REMOTA.png 1920w\" sizes=\"(max-width: 1024px) 100vw, 1024px\" \/>\t\t\t\t\t\t\t\t\t\t\t\t\t\t\t<\/div>\n\t\t\t\t<\/div>\n\t\t\t\t<\/div>\n\t\t\t\t<\/div>\n\t\t<div class=\"elementor-element elementor-element-e2b5ed6 e-con-full e-flex e-con e-parent\" data-id=\"e2b5ed6\" data-element_type=\"container\" data-settings=\"{&quot;background_background&quot;:&quot;classic&quot;}\">\n\t\t<div class=\"elementor-element elementor-element-dda0545 e-con-full e-flex e-con e-child\" data-id=\"dda0545\" data-element_type=\"container\" data-settings=\"{&quot;background_background&quot;:&quot;classic&quot;}\">\n\t\t<div class=\"elementor-element elementor-element-1e009af e-con-full e-flex e-con e-child\" data-id=\"1e009af\" data-element_type=\"container\" data-settings=\"{&quot;background_background&quot;:&quot;classic&quot;}\">\n\t\t\t\t<div class=\"elementor-element elementor-element-bb30b4f elementor-widget elementor-widget-image\" data-id=\"bb30b4f\" data-element_type=\"widget\" data-widget_type=\"image.default\">\n\t\t\t\t\t\t\t\t\t\t\t\t\t\t\t<img decoding=\"async\" width=\"1024\" height=\"684\" src=\"https:\/\/itgchile.com\/wp-content\/uploads\/2025\/11\/3a.-Asistencia-en-terreno-1024x684.jpg\" class=\"attachment-large size-large wp-image-4025\" alt=\"\" srcset=\"https:\/\/itgchile.com\/wp-content\/uploads\/2025\/11\/3a.-Asistencia-en-terreno-1024x684.jpg 1024w, https:\/\/itgchile.com\/wp-content\/uploads\/2025\/11\/3a.-Asistencia-en-terreno-300x200.jpg 300w, https:\/\/itgchile.com\/wp-content\/uploads\/2025\/11\/3a.-Asistencia-en-terreno-768x513.jpg 768w, https:\/\/itgchile.com\/wp-content\/uploads\/2025\/11\/3a.-Asistencia-en-terreno-1536x1026.jpg 1536w, https:\/\/itgchile.com\/wp-content\/uploads\/2025\/11\/3a.-Asistencia-en-terreno-2048x1367.jpg 2048w, https:\/\/itgchile.com\/wp-content\/uploads\/2025\/11\/3a.-Asistencia-en-terreno-600x401.jpg 600w\" sizes=\"(max-width: 1024px) 100vw, 1024px\" \/>\t\t\t\t\t\t\t\t\t\t\t\t\t\t\t<\/div>\n\t\t\t\t<\/div>\n\t\t\t\t<\/div>\n\t\t<div class=\"elementor-element elementor-element-42391b2 e-con-full e-flex e-con e-child\" data-id=\"42391b2\" data-element_type=\"container\" data-settings=\"{&quot;background_background&quot;:&quot;gradient&quot;}\">\n\t\t<div class=\"elementor-element elementor-element-aaef030 e-con-full e-flex e-con e-child\" data-id=\"aaef030\" data-element_type=\"container\">\n\t\t\t\t<div class=\"elementor-element elementor-element-177ddff animated-slow elementor-invisible elementor-widget elementor-widget-int-sec-title\" data-id=\"177ddff\" data-element_type=\"widget\" data-settings=\"{&quot;_animation&quot;:&quot;fadeInRight&quot;}\" data-widget_type=\"int-sec-title.default\">\n\t\t\t\t<div class=\"elementor-widget-container\">\n\t\t\t\t\t                <div class=\"section-title\">\r\n                            <h2 class=\"title xb-split-text split-in-right\">ASISTENCIA T\u00c9CNICA <br><span style=\"color: #FF6A13\">EN TERRENO<\/span> <\/h2>\r\n                    <\/div>\r\n    \t\t\t\t<\/div>\n\t\t\t\t<\/div>\n\t\t\t\t<div class=\"elementor-element elementor-element-83ae407 animated-slow elementor-invisible elementor-widget elementor-widget-text-editor\" data-id=\"83ae407\" data-element_type=\"widget\" data-settings=\"{&quot;_animation&quot;:&quot;fadeInRight&quot;}\" data-widget_type=\"text-editor.default\">\n\t\t\t\t\t\t\t\t\t<p style=\"font-family: Montserrat; font-size: 16px; line-height: 22px; text-align: justify; text-justify: inter-word; color: #ffffff;\">Disponemos de un equipo de t\u00e9cnicos y especialistas experimentados para realizar mantenciones y reparaciones en terreno. Mantenemos los equipos operando en condiciones \u00f3ptimas y ejecutamos diagn\u00f3sticos oportunos en los centros de cultivo. Tambi\u00e9n entregamos capacitaciones t\u00e9cnicas que aseguran un uso adecuado del equipamiento y una operaci\u00f3n m\u00e1s estable.<\/p>\t\t\t\t\t\t\t\t<\/div>\n\t\t\t\t<\/div>\n\t\t\t\t<\/div>\n\t\t\t\t<\/div>\n\t\t<div class=\"elementor-element elementor-element-3fc6744 e-con-full e-flex e-con e-parent\" data-id=\"3fc6744\" data-element_type=\"container\" data-settings=\"{&quot;background_background&quot;:&quot;classic&quot;}\">\n\t\t<div class=\"elementor-element elementor-element-48fc60d e-con-full e-flex e-con e-child\" data-id=\"48fc60d\" data-element_type=\"container\" data-settings=\"{&quot;background_background&quot;:&quot;gradient&quot;}\">\n\t\t<div class=\"elementor-element elementor-element-d4a0a94 e-con-full e-flex e-con e-child\" data-id=\"d4a0a94\" data-element_type=\"container\">\n\t\t\t\t<div class=\"elementor-element elementor-element-9205be1 animated-slow elementor-invisible elementor-widget elementor-widget-int-sec-title\" data-id=\"9205be1\" data-element_type=\"widget\" data-settings=\"{&quot;_animation&quot;:&quot;fadeInRight&quot;}\" data-widget_type=\"int-sec-title.default\">\n\t\t\t\t<div class=\"elementor-widget-container\">\n\t\t\t\t\t                <div class=\"section-title\">\r\n                            <h2 class=\"title xb-split-text split-in-right\"><span style=\"color: #FF6A13\">MANTENCI\u00d3N<\/span> Y REPARACI\u00d3N<\/h2>\r\n                    <\/div>\r\n    \t\t\t\t<\/div>\n\t\t\t\t<\/div>\n\t\t\t\t<div class=\"elementor-element elementor-element-e3fab74 animated-slow elementor-invisible elementor-widget elementor-widget-text-editor\" data-id=\"e3fab74\" data-element_type=\"widget\" data-settings=\"{&quot;_animation&quot;:&quot;fadeInRight&quot;}\" data-widget_type=\"text-editor.default\">\n\t\t\t\t\t\t\t\t\t<p style=\"font-family: Montserrat; font-size: 16px; line-height: 22px; text-align: justify; text-justify: inter-word; color: #ffffff;\">Nuestro taller cuenta con un equipo especializado y confiable, respaldado por m\u00e1s de 25 a\u00f1os de experiencia en soluciones tecnol\u00f3gicas para la acuicultura. Realizamos mantenciones preventivas y reparaciones en taller para prolongar la vida \u00fatil de los equipos, mantener sistemas cr\u00edticos operando con seguridad y reducir fallas que pueden afectar la continuidad productiva.<\/p>\t\t\t\t\t\t\t\t<\/div>\n\t\t\t\t<\/div>\n\t\t\t\t<\/div>\n\t\t<div class=\"elementor-element elementor-element-999439d e-con-full e-flex e-con e-child\" data-id=\"999439d\" data-element_type=\"container\" data-settings=\"{&quot;background_background&quot;:&quot;classic&quot;}\">\n\t\t<div class=\"elementor-element elementor-element-db3d9d4 e-con-full e-flex e-con e-child\" data-id=\"db3d9d4\" data-element_type=\"container\" data-settings=\"{&quot;background_background&quot;:&quot;classic&quot;}\">\n\t\t\t\t<div class=\"elementor-element elementor-element-25202cc elementor-widget elementor-widget-image\" data-id=\"25202cc\" data-element_type=\"widget\" data-widget_type=\"image.default\">\n\t\t\t\t\t\t\t\t\t\t\t\t\t\t\t<img decoding=\"async\" width=\"1024\" height=\"576\" src=\"https:\/\/itgchile.com\/wp-content\/uploads\/2025\/11\/4.Mantencion-y-rep-1024x576.jpg\" class=\"attachment-large size-large wp-image-4018\" alt=\"\" srcset=\"https:\/\/itgchile.com\/wp-content\/uploads\/2025\/11\/4.Mantencion-y-rep-1024x576.jpg 1024w, https:\/\/itgchile.com\/wp-content\/uploads\/2025\/11\/4.Mantencion-y-rep-300x169.jpg 300w, https:\/\/itgchile.com\/wp-content\/uploads\/2025\/11\/4.Mantencion-y-rep-768x432.jpg 768w, https:\/\/itgchile.com\/wp-content\/uploads\/2025\/11\/4.Mantencion-y-rep-1536x864.jpg 1536w, https:\/\/itgchile.com\/wp-content\/uploads\/2025\/11\/4.Mantencion-y-rep-600x338.jpg 600w, https:\/\/itgchile.com\/wp-content\/uploads\/2025\/11\/4.Mantencion-y-rep.jpg 1920w\" sizes=\"(max-width: 1024px) 100vw, 1024px\" \/>\t\t\t\t\t\t\t\t\t\t\t\t\t\t\t<\/div>\n\t\t\t\t<\/div>\n\t\t\t\t<\/div>\n\t\t\t\t<\/div>\n\t\t\t\t<\/div>\n\t\t","protected":false},"excerpt":{"rendered":"<p>SOPORTE T\u00c9CNICO Respaldamos la continuidad operativa con asistencia remota, atenci\u00f3n en terreno y servicios de mantenci\u00f3n y reparaci\u00f3n. Nuestro equipo combina experiencia y tecnolog\u00eda para entregar soporte \u00e1gil y confiable en entornos exigentes. ASISTENCIA T\u00c9CNICA REMOTA Entregamos asistencia t\u00e9cnica remota para diagn\u00f3stico, an\u00e1lisis de datos y resoluci\u00f3n de incidencias. Respaldados por nuestra amplia experiencia en [&hellip;]<\/p>\n","protected":false},"author":1,"featured_media":0,"parent":0,"menu_order":0,"comment_status":"closed","ping_status":"closed","template":"magix-template.php","meta":{"inline_featured_image":false,"footnotes":""},"class_list":["post-3838","page","type-page","status-publish","hentry"],"_links":{"self":[{"href":"https:\/\/itgchile.com\/index.php\/wp-json\/wp\/v2\/pages\/3838","targetHints":{"allow":["GET"]}}],"collection":[{"href":"https:\/\/itgchile.com\/index.php\/wp-json\/wp\/v2\/pages"}],"about":[{"href":"https:\/\/itgchile.com\/index.php\/wp-json\/wp\/v2\/types\/page"}],"author":[{"embeddable":true,"href":"https:\/\/itgchile.com\/index.php\/wp-json\/wp\/v2\/users\/1"}],"replies":[{"embeddable":true,"href":"https:\/\/itgchile.com\/index.php\/wp-json\/wp\/v2\/comments?post=3838"}],"version-history":[{"count":76,"href":"https:\/\/itgchile.com\/index.php\/wp-json\/wp\/v2\/pages\/3838\/revisions"}],"predecessor-version":[{"id":4556,"href":"https:\/\/itgchile.com\/index.php\/wp-json\/wp\/v2\/pages\/3838\/revisions\/4556"}],"wp:attachment":[{"href":"https:\/\/itgchile.com\/index.php\/wp-json\/wp\/v2\/media?parent=3838"}],"curies":[{"name":"wp","href":"https:\/\/api.w.org\/{rel}","templated":true}]}}